{"id":4472,"date":"2024-06-25T11:42:42","date_gmt":"2024-06-25T09:42:42","guid":{"rendered":"https:\/\/gdincentives.de\/car-grid\/"},"modified":"2025-05-06T19:54:17","modified_gmt":"2025-05-06T17:54:17","slug":"car-grid","status":"publish","type":"page","link":"https:\/\/gdincentives.de\/nl\/dienstleistungen\/car-grid\/","title":{"rendered":"MICE"},"content":{"rendered":"\t\t<div data-elementor-type=\"wp-page\" data-elementor-id=\"4472\" class=\"elementor elementor-4472 elementor-1018\">\n\t\t\t\t\t\t<section class=\"elementor-section elementor-top-section elementor-element elementor-element-0fb3749 elementor-section-full_width elementor-section-height-default elementor-section-height-default\" data-id=\"0fb3749\" data-element_type=\"section\" data-e-type=\"section\">\n\t\t\t\t\t\t<div class=\"elementor-container elementor-column-gap-no\">\n\t\t\t\t\t<div class=\"elementor-column elementor-col-100 elementor-top-column elementor-element elementor-element-3dffe98\" data-id=\"3dffe98\" data-element_type=\"column\" data-e-type=\"column\">\n\t\t\t<div class=\"elementor-widget-wrap elementor-element-populated\">\n\t\t\t\t\t\t<div class=\"elementor-element elementor-element-8122c6a ptb-60 elementor-widget elementor-widget-turneo-services\" data-id=\"8122c6a\" data-element_type=\"widget\" data-e-type=\"widget\" data-widget_type=\"turneo-services.default\">\n\t\t\t\t<div class=\"elementor-widget-container\">\n\t\t\t\t\t\r\n        <!-- Service Column Style -->\r\n        \r\n        <!-- Car Section Start -->\r\n        <div class=\"car-area dot-style-one\">\r\n            <div class=\"\">\r\n                <div data-aos=\"fade-up\" data-aos-duration=\"1200\" class=\"section-title\">\r\n                    <span class=\"top-title\">MICE<\/span>\r\n                    <h2>Unvergesslich, nordisch inspiriert<\/h2>\r\n                    <p>Meetings, Incentives, Konferenzen und Events (MICE), die mehr bieten als Standard. Mit Leidenschaft, Erfahrung und einem starken Netzwerk gestalten wir Veranstaltungen, die Ihre Marke st\u00e4rken und Menschen verbinden \u2013 in Norddeutschland und den Benelux-Staaten.\nZuverl\u00e4ssig, pers\u00f6nlich und immer mit dem Blick f\u00fcrs Detail.\n<\/p>\r\n                <\/div>\r\n\r\n                \r\n                                    <div class=\"row justify-content-center\">\r\n                \r\n                      \r\n                                                    <div data-aos=\"fade-up\" data-aos-duration=\"1200\" class=\"col-lg-6 col-md-12 col-sm-12\">\r\n                        \r\n                            <div class=\"single-car-box\">\r\n                                <a href=\"https:\/\/gdincentives.de\/nl\/car\/mice-b2b\/\">\r\n                                                                    <\/a>\r\n                                <div class=\"content\">\r\n                                                                            <span class=\"price\"> \r\n                                            auf Anfrage                                        <\/span>\r\n                                                                        <h3>M = MEETING<\/h3>\r\n                                    <p>Meeting an besonderen Orten Ob historisches Speichergeb\u00e4ude, Leuchtturm mit Weitblick oder Glashaus im Gr\u00fcnen \u2013 in Norddeutschland&hellip;<\/p>\r\n                                    <a href=\"https:\/\/gdincentives.de\/nl\/car\/mice-b2b\/\" class=\"link-btn\">\r\n                                        Read More                                    <\/a>\r\n                                <\/div>\r\n                            <\/div>\r\n                        <\/div>\r\n\r\n                      \r\n                                                    <div data-aos=\"fade-up\" data-aos-duration=\"1200\" class=\"col-lg-6 col-md-12 col-sm-12\">\r\n                        \r\n                            <div class=\"single-car-box\">\r\n                                <a href=\"https:\/\/gdincentives.de\/nl\/car\/mitsubishi-kia\/\">\r\n                                                                            <img decoding=\"async\" src=\"https:\/\/gdincentives.de\/wp-content\/uploads\/2024\/06\/car-1.jpg\" alt=\"Image\">\r\n                                                                    <\/a>\r\n                                <div class=\"content\">\r\n                                                                            <span class=\"price\"> \r\n                                            $105.00                                        <\/span>\r\n                                                                        <h3>i &#8211; INCENTIVES<\/h3>\r\n                                    <p>Lorem ipsum dolor sit amet, consectetur adipiscing elit. Vestibulum ut enim sagittis, lacinia elit non, fermentum mauris.&hellip;<\/p>\r\n                                    <a href=\"https:\/\/gdincentives.de\/nl\/car\/mitsubishi-kia\/\" class=\"link-btn\">\r\n                                        Read More                                    <\/a>\r\n                                <\/div>\r\n                            <\/div>\r\n                        <\/div>\r\n\r\n                      \r\n                                                    <div data-aos=\"fade-up\" data-aos-duration=\"1200\" class=\"col-lg-6 col-md-12 col-sm-12\">\r\n                        \r\n                            <div class=\"single-car-box\">\r\n                                <a href=\"https:\/\/gdincentives.de\/nl\/car\/hyundai-nissan\/\">\r\n                                                                            <img decoding=\"async\" src=\"https:\/\/gdincentives.de\/wp-content\/uploads\/2024\/06\/car-2.jpg\" alt=\"Image\">\r\n                                                                    <\/a>\r\n                                <div class=\"content\">\r\n                                                                            <span class=\"price\"> \r\n                                            auf Anfrage                                        <\/span>\r\n                                                                        <h3>C &#8211; MEETING<\/h3>\r\n                                    <p>Lorem ipsum dolor sit amet, consectetur adipiscing elit. Vestibulum ut enim sagittis, lacinia elit non, fermentum mauris.&hellip;<\/p>\r\n                                    <a href=\"https:\/\/gdincentives.de\/nl\/car\/hyundai-nissan\/\" class=\"link-btn\">\r\n                                        Read More                                    <\/a>\r\n                                <\/div>\r\n                            <\/div>\r\n                        <\/div>\r\n\r\n                      \r\n                                                    <div data-aos=\"fade-up\" data-aos-duration=\"1200\" class=\"col-lg-6 col-md-12 col-sm-12\">\r\n                        \r\n                            <div class=\"single-car-box\">\r\n                                <a href=\"https:\/\/gdincentives.de\/nl\/car\/toyota-hilux\/\">\r\n                                                                            <img decoding=\"async\" src=\"https:\/\/gdincentives.de\/wp-content\/uploads\/2024\/06\/car-3.jpg\" alt=\"Image\">\r\n                                                                    <\/a>\r\n                                <div class=\"content\">\r\n                                                                            <span class=\"price\"> \r\n                                            auf Anfrage                                        <\/span>\r\n                                                                        <h3>E &#8211; EVENTS<\/h3>\r\n                                    <p>Lorem ipsum dolor sit amet, consectetur adipiscing elit. Vestibulum ut enim sagittis, lacinia elit non, fermentum mauris.&hellip;<\/p>\r\n                                    <a href=\"https:\/\/gdincentives.de\/nl\/car\/toyota-hilux\/\" class=\"link-btn\">\r\n                                        Read More                                    <\/a>\r\n                                <\/div>\r\n                            <\/div>\r\n                        <\/div>\r\n\r\n                      \r\n                                                    <div data-aos=\"fade-up\" data-aos-duration=\"1200\" class=\"col-lg-6 col-md-12 col-sm-12\">\r\n                        \r\n                            <div class=\"single-car-box\">\r\n                                <a href=\"https:\/\/gdincentives.de\/nl\/car\/tesla-volvo\/\">\r\n                                                                            <img decoding=\"async\" src=\"https:\/\/gdincentives.de\/wp-content\/uploads\/2024\/06\/car-4.jpg\" alt=\"Image\">\r\n                                                                    <\/a>\r\n                                <div class=\"content\">\r\n                                                                            <span class=\"price\"> \r\n                                            auf Anfrage                                        <\/span>\r\n                                                                        <h3>TRANSPORT SERVICE<\/h3>\r\n                                    <p>Lorem ipsum dolor sit amet, consectetur adipiscing elit. Vestibulum ut enim sagittis, lacinia elit non, fermentum mauris.&hellip;<\/p>\r\n                                    <a href=\"https:\/\/gdincentives.de\/nl\/car\/tesla-volvo\/\" class=\"link-btn\">\r\n                                        Read More                                    <\/a>\r\n                                <\/div>\r\n                            <\/div>\r\n                        <\/div>\r\n\r\n                      \r\n                                                    <div data-aos=\"fade-up\" data-aos-duration=\"1200\" class=\"col-lg-6 col-md-12 col-sm-12\">\r\n                        \r\n                            <div class=\"single-car-box\">\r\n                                <a href=\"https:\/\/gdincentives.de\/nl\/car\/togg-t10x\/\">\r\n                                                                            <img decoding=\"async\" src=\"https:\/\/gdincentives.de\/wp-content\/uploads\/2024\/06\/car-5.jpg\" alt=\"Image\">\r\n                                                                    <\/a>\r\n                                <div class=\"content\">\r\n                                                                            <span class=\"price\"> \r\n                                            $50.00                                        <\/span>\r\n                                                                        <h3><\/h3>\r\n                                    <p>&nbsp;<\/p>\r\n                                    <a href=\"https:\/\/gdincentives.de\/nl\/car\/togg-t10x\/\" class=\"link-btn\">\r\n                                        Read More                                    <\/a>\r\n                                <\/div>\r\n                            <\/div>\r\n                        <\/div>\r\n\r\n                      \r\n                                                    <div data-aos=\"fade-up\" data-aos-duration=\"1200\" class=\"col-lg-6 col-md-12 col-sm-12\">\r\n                        \r\n                            <div class=\"single-car-box\">\r\n                                <a href=\"https:\/\/gdincentives.de\/nl\/car\/toyota\/\">\r\n                                                                            <img decoding=\"async\" src=\"https:\/\/gdincentives.de\/wp-content\/uploads\/2024\/06\/car-6.jpg\" alt=\"Image\">\r\n                                                                    <\/a>\r\n                                <div class=\"content\">\r\n                                                                            <span class=\"price\"> \r\n                                            $105.00                                        <\/span>\r\n                                                                        <h3>Toyota<\/h3>\r\n                                    <p>Lorem ipsum dolor sit amet, consectetur adipiscing elit. Vestibulum ut enim sagittis, lacinia elit non, fermentum mauris.&hellip;<\/p>\r\n                                    <a href=\"https:\/\/gdincentives.de\/nl\/car\/toyota\/\" class=\"link-btn\">\r\n                                        Read More                                    <\/a>\r\n                                <\/div>\r\n                            <\/div>\r\n                        <\/div>\r\n\r\n                      \r\n                                                    <div data-aos=\"fade-up\" data-aos-duration=\"1200\" class=\"col-lg-6 col-md-12 col-sm-12\">\r\n                        \r\n                            <div class=\"single-car-box\">\r\n                                <a href=\"https:\/\/gdincentives.de\/nl\/car\/skoda-octavia\/\">\r\n                                                                            <img decoding=\"async\" src=\"https:\/\/gdincentives.de\/wp-content\/uploads\/2024\/06\/car-7.jpg\" alt=\"Image\">\r\n                                                                    <\/a>\r\n                                <div class=\"content\">\r\n                                                                            <span class=\"price\"> \r\n                                            $99.00                                        <\/span>\r\n                                                                        <h3>Skoda, Octavia<\/h3>\r\n                                    <p>Lorem ipsum dolor sit amet, consectetur adipiscing elit. Vestibulum ut enim sagittis, lacinia elit non, fermentum mauris.&hellip;<\/p>\r\n                                    <a href=\"https:\/\/gdincentives.de\/nl\/car\/skoda-octavia\/\" class=\"link-btn\">\r\n                                        Read More                                    <\/a>\r\n                                <\/div>\r\n                            <\/div>\r\n                        <\/div>\r\n\r\n                      \r\n                                                    <div data-aos=\"fade-up\" data-aos-duration=\"1200\" class=\"col-lg-6 col-md-12 col-sm-12\">\r\n                        \r\n                            <div class=\"single-car-box\">\r\n                                <a href=\"https:\/\/gdincentives.de\/nl\/car\/seat\/\">\r\n                                                                            <img decoding=\"async\" src=\"https:\/\/gdincentives.de\/wp-content\/uploads\/2024\/06\/car-8.jpg\" alt=\"Image\">\r\n                                                                    <\/a>\r\n                                <div class=\"content\">\r\n                                                                            <span class=\"price\"> \r\n                                            $50.00                                        <\/span>\r\n                                                                        <h3>Seat<\/h3>\r\n                                    <p>Lorem ipsum dolor sit amet, consectetur adipiscing elit. Vestibulum ut enim sagittis, lacinia elit non, fermentum mauris.&hellip;<\/p>\r\n                                    <a href=\"https:\/\/gdincentives.de\/nl\/car\/seat\/\" class=\"link-btn\">\r\n                                        Read More                                    <\/a>\r\n                                <\/div>\r\n                            <\/div>\r\n                        <\/div>\r\n\r\n                                        \r\n                <\/div>\r\n\r\n                <!-- Pagination Part Start -->\r\n                                    <div class=\"post-pagination\" data-aos=\"fade-up\" data-aos-duration=\"1200\">\r\n                        <nav class=\"navigation pagination\" aria-label=\"Blog\">\r\n                            <div class=\"nav-links\">\r\n                                <span aria-current=\"page\" class=\"page-numbers current\">1<\/span>\n<a class=\"page-numbers\" href=\"https:\/\/gdincentives.de\/nl\/wp-json\/wp\/v2\/pages\/4472\/page\/2\/\">2<\/a>\n<a class=\"next page-numbers\" href=\"https:\/\/gdincentives.de\/nl\/wp-json\/wp\/v2\/pages\/4472\/page\/2\/\"><i class=\"bx bx-right-arrow-alt\"><\/i><\/a>                            <\/div>\r\n                        <\/nav>\r\n                    <\/div>\r\n                                <!-- Pagination Part End -->\r\n\r\n        \r\n                <!-- Service Button Link -->\r\n                \r\n                <!-- Button Part Start --> \r\n                                <!-- Button Part End -->\r\n\r\n            <\/div>\r\n        <\/div>\r\n        <!-- Service Section End -->\r\n\r\n    \t\t\t\t<\/div>\n\t\t\t\t<\/div>\n\t\t\t\t\t<\/div>\n\t\t<\/div>\n\t\t\t\t\t<\/div>\n\t\t<\/section>\n\t\t\t\t<\/div>\n\t\t","protected":false},"excerpt":{"rendered":"<p>MICE Unvergesslich, nordisch inspiriert Meetings, Incentives, Konferenzen und Events (MICE), die mehr bieten als Standard. Mit Leidenschaft, Erfahrung und einem starken Netzwerk gestalten wir Veranstaltungen, die Ihre Marke st\u00e4rken und Menschen verbinden \u2013 in Norddeutschland und den Benelux-Staaten. Zuverl\u00e4ssig, pers\u00f6nlich und immer mit dem Blick f\u00fcrs Detail. 99.99$ MICE &amp; B2B Willkommen bei GD-Incentives \u2013 [&hellip;]<\/p>\n","protected":false},"author":229308707,"featured_media":0,"parent":4502,"menu_order":0,"comment_status":"closed","ping_status":"closed","template":"","meta":{"footnotes":""},"class_list":["post-4472","page","type-page","status-publish","hentry"],"_links":{"self":[{"href":"https:\/\/gdincentives.de\/nl\/wp-json\/wp\/v2\/pages\/4472","targetHints":{"allow":["GET"]}}],"collection":[{"href":"https:\/\/gdincentives.de\/nl\/wp-json\/wp\/v2\/pages"}],"about":[{"href":"https:\/\/gdincentives.de\/nl\/wp-json\/wp\/v2\/types\/page"}],"author":[{"embeddable":true,"href":"https:\/\/gdincentives.de\/nl\/wp-json\/wp\/v2\/users\/229308707"}],"replies":[{"embeddable":true,"href":"https:\/\/gdincentives.de\/nl\/wp-json\/wp\/v2\/comments?post=4472"}],"version-history":[{"count":10,"href":"https:\/\/gdincentives.de\/nl\/wp-json\/wp\/v2\/pages\/4472\/revisions"}],"predecessor-version":[{"id":5987,"href":"https:\/\/gdincentives.de\/nl\/wp-json\/wp\/v2\/pages\/4472\/revisions\/5987"}],"up":[{"embeddable":true,"href":"https:\/\/gdincentives.de\/nl\/wp-json\/wp\/v2\/pages\/4502"}],"wp:attachment":[{"href":"https:\/\/gdincentives.de\/nl\/wp-json\/wp\/v2\/media?parent=4472"}],"curies":[{"name":"wp","href":"https:\/\/api.w.org\/{rel}","templated":true}]}}