{"id":4421,"date":"2025-04-16T10:53:38","date_gmt":"2025-04-16T08:53:38","guid":{"rendered":"https:\/\/gdincentives.de\/allgemeine-geschaeftsbedingungen\/"},"modified":"2025-04-16T10:53:38","modified_gmt":"2025-04-16T08:53:38","slug":"allgemeine-geschaeftsbedingungen","status":"publish","type":"page","link":"https:\/\/gdincentives.de\/nl\/allgemeine-geschaeftsbedingungen\/","title":{"rendered":"Allgemeine Gesch\u00e4ftsbedingungen"},"content":{"rendered":"<div class=\"custom-page-content\">\n<ol>\n<li><strong>Vertragsbedingungen<\/strong>\n<ol style=\"list-style-type: lower-alpha;\">\n<li>Die Vertragspartner verbindet ein Vertrag mit gegenseitigen Verpflichtungen, sobald der <strong>Kunde<\/strong> die Auftragsbest\u00e4tigung der <strong>GD Incentives GmbH<\/strong> unterzeichnet zur Verf\u00fcgung stellt.<\/li>\n<li>Die Auftragsbest\u00e4tigung und die allgemeinen Gesch\u00e4ftsbedingungen regeln den Inhalt der vertraglichen Beziehungen.<\/li>\n<li>Abweichende allgemeine Gesch\u00e4ftsbedingungen des Kunden sind nur wirksam, wenn sie diese mit der GD Incentives GmbH vereinbart haben. \u00c4nderungen bed\u00fcrfen der Schriftform.<\/li>\n<\/ol>\n<\/li>\n<li><strong>Leistung und Leistungsumfang<\/strong>\n<p class=\"text-field\">Der Umfang der vertraglichen Leistungen und das Agentur Honorar (Handling Fee) ergeben sich aus dem schriftlichen Angebot. Nebenabreden oder Ab\u00e4nderungen, die den Umfang der vertraglichen Leistung oder den Preis ver\u00e4ndern, bed\u00fcrfen ein ge\u00e4ndertes Angebot und sollen unverz\u00fcglich schriftlich festgehalten werden.<\/p>\n<p class=\"text-field\">Sublieferanten werden durch GD Incentives GmbH bestimmt. Die Haftung f\u00fcr Leistungen, die sich aus der Sublieferanten-Beauftragung ergibt, trifft GD Incentives GmbH nach den gesetzlichen Bestimmungen. Die Abwicklung erfolgt, wenn nicht anders vereinbart, \u00fcber GD Incentives GmbH.<\/p>\n<p class=\"text-field\">\u00dcbernimmt GD Incentives GmbH die Organisation einer Veranstaltung, so haftet GD Incentives GmbH nicht f\u00fcr den Erfolg dieser Veranstaltung, insbesondere nicht f\u00fcr einen bestimmten Ertrag. Ebenso ist die Haftung von GD Incentives GmbH ausgeschlossen, wenn es im Zuge dieser Veranstaltung durch Besucher oder Mitwirkende zu Sch\u00e4den welcher Art auch immer kommt.<\/p>\n<\/li>\n<li><strong>Programmgestaltung<\/strong>\n<ol>\n<li>Die GD Incentives GmbH fertigt f\u00fcr den vom Auftraggeber gew\u00fcnschten Zeitraum einen ersten Vorschlag, nach vorher festgelegten W\u00fcnschen und Ideen, falls gew\u00fcnscht inkl. Hotelvorschl\u00e4ge, kostenlos an.<\/li>\n<li>Wenn der Kunde den Vorschlag zustimmt, fertigt der GD Incentives GmbH einen detailliertes Angebot aus der vom Kunden mit 450,00 \u20ac zu verg\u00fcten ist. Diese Kosten werden bei einer Auftragsvergabe verrechnet.\n<ol style=\"list-style-type: lower-alpha;\">\n<li><strong>Hotelbuchungen<\/strong>\n<ol>\n<li>Es werden pro Gruppenanfrage Hotels in unterschiedliche Kategorien angeboten.<\/li>\n<li>Alle gebuchten Zimmer werden auf der Gesamtrechnung von GD Incentives GmbH abgerechnet.<\/li>\n<li>Hotelangebote haben ein fest definiertes Optionsdatum und k\u00f6nnen auf Wunsch des Kunden um 14 Tagen verl\u00e4ngert werden.<\/li>\n<li>Nach Ablauf des Optionsablauf verf\u00e4llt das Angebot automatisch.<\/li>\n<li>Nach Vertragsunterschrift gelten die R\u00fccktritts- und Storno-bedingung des gebuchten Hotels.<\/li>\n<\/ol>\n<\/li>\n<li><strong>Restaurantbuchungen<\/strong>\n<ol>\n<li>Von GD Incentives GmbH f\u00fcr den Kunden gebuchten Reservierungen werden kostenpflichtig, wenn der Kunde\/die Gruppe nicht zum vereinbarten Termin erscheint. Berechnungsgrundlage ist 80 % der dem Restaurant entgangene Umsatz f\u00fcr die gebuchten Speisen.<\/li>\n<li>Reduzierungen der Personenzahl sind bis 7 Tagen vor dem Termin kostenlos. Eine Erh\u00f6hung der Personenzahl bedarf der Zustimmung des gebuchten Restaurant.<\/li>\n<li>Getr\u00e4nke zu Restaurantbuchungen, k\u00f6nnen wahlweise f\u00fcr die gesamte Gruppe vor Ort vom Kunden oder mit der Gesamtrechnung von GD Incentives GmbH gezahlt werden.<\/li>\n<\/ol>\n<\/li>\n<li><strong>Catering, Raumkosten, Technik und Dekoration<\/strong>\n<ol>\n<li><strong>Service &amp; Equipment beinhaltet z.B.<\/strong>:Personalbeschaffung, Veranstaltungsleitung, K\u00f6che, Logistikfachkr\u00e4fte. Geschirr, Besteck, Gl\u00e4ser, Menagen, Kaffeegeschirr, inkl. Reinigung sowie wei\u00dfe Servietten und Tischdecken.<\/li>\n<li><strong>Raumkosten beinhaltet z.B.<\/strong>: Raummiete, Miete der Nebenr\u00e4ume, Heizung, Bestuhlung und falls vorhanden Licht und Buffetbeleuchtung.<\/li>\n<li>Endreinigung wird gesondert in Rechnung gestellt.<\/li>\n<li><strong>Technik bedeutet z.B. <\/strong>: Tagungstechnik, Tontechnik, Lichttechnik inkl. Ton- oder Lichttechniker, B\u00fchnenhelfer etc.<\/li>\n<li><strong>Dekoration bedeutet z.B.<\/strong>: individuelle Tisch-dekoration, individuelle Blumendekoration, individuelle Raumausstattung je nach Anfrage etc.<\/li>\n<li><strong>Locations<\/strong>: Die Buchung von Locations f\u00fcr Events, Tagungen und Firmenfeiern erfolgt nach schriftliche Zustimmung des Kunden. Die Miete der Location wird in voller H\u00f6he \u00fcber GD-Incentives mit dem Kunden abgerechnet. Notwendige Zusatzkosten z.B. Garderobe, Heizung, Beleuchtung, Catering und An- Abreise der Teilnehmer etc. werden dem Kunden vorgelegt und nach schriftliche Zustimmung \u00fcber GD-Incentives mit dem Kunden abgerechnet.<\/li>\n<li>Bei Locations gelten grunds\u00e4tzlich die AGB des Anbieters, die mit dem Angebot \u00fcbermittelt werden. Details sind in der Auftragsbest\u00e4tigung enthalten.<\/li>\n<\/ol>\n<\/li>\n<li><strong>K\u00fcnstler<\/strong>\n<p class=\"text-field\">Der GD Incentives GmbH vermittelt K\u00fcnstler passend zum Programm. Gagen und Nebenkosten : Catering und Getr\u00e4nke f\u00fcr K\u00fcnstler und Helfer, Garderobenmiete und notwendige Hilfskr\u00e4fte f\u00fcr Maske, Dresser etc. werden mit der Gesamtrechnung \u00fcber GD Incentives GmbH abgerechnet.<\/p>\n<\/li>\n<li><strong>Buchung von Theater, Musical und Tourentickets<\/strong>\n<p class=\"text-field\">Ein Widerrufs- und R\u00fcckgaberecht besteht nicht. Auch besteht kein Anspruch auf Umtausch von Karten.<br \/>\nUnsere Ticketpreise enthalten neben dem reinen Kartenpreis eine Ticketsystem- und Vorverkaufsgeb\u00fchr.<br \/>\nNicht enthalten sind die Zustellgeb\u00fchren f\u00fcr die Karten. Die Zustellgeb\u00fchren betragen das jeweils erforderliche Porto der Deutsche Post AG f\u00fcr einfachen Briefversand.<\/p>\n<\/li>\n<li><strong>Vermittlung von Reisebusse, Limousinen, Gro\u00dfraumtaxen<\/strong>\n<p class=\"text-field\"><span style=\"text-decoration: underline;\">Charter<\/span>: Die vertragsgem\u00e4\u00dfe Leistung umfasst die Bereitstellung eines Fahrzeuges in der gew\u00fcnschte Gr\u00f6\u00dfe mit Fahrer und die Durchf\u00fchrung der Bef\u00f6rderung. <span style=\"text-decoration: underline;\">Gep\u00e4ck<\/span> in normalem Umfang und &#8211; nach Absprache &#8211; sonstige Sachen werden nur im Reisebus und Gro\u00dfraumtaxi kostenlos mitbef\u00f6rdert.<br \/>\n<span style=\"text-decoration: underline;\">Die vereinbarte Leistung umfasst nicht<\/span>: die Beaufsichtigung des Gep\u00e4cks, insbesondere vor bzw. beim Be- und beim bzw. nach dem Entladen.<br \/>\n<span style=\"text-decoration: underline;\">Nebenkosten<\/span> (z. B. Stra\u00dfen- und Parkgeb\u00fchren, \u00dcbernachtungs-kosten f\u00fcr das Fahrpersonal) sind nicht im Mietpreis enthalten und werden zus\u00e4tzlich vom Kunden getragen.<br \/>\n<span style=\"text-decoration: underline;\">Transferfahrten<\/span>: Wartezeiten sind auf 30 Minuten festgelegt.<\/p>\n<\/li>\n<li><strong>Vermittlung von Schiffe, Hafenrundfahrten, Oldtimer Schiffe<\/strong>\n<p class=\"text-field\">Die Reederei stellt das Schiff in betriebsbereitem Zustand inkl. Betriebs-mittel und Besatzung entsprechend den ges. Bestimmungen f\u00fcr die Nutzungsdauer und die gew\u00fcnschte Fahrtroute zur Verf\u00fcgung.<br \/>\n<strong>Charter<\/strong> : Die kostenfreie Zeit f\u00fcr Fahrgastschiffe\/ Barkassen zum Ein- und Aussteigen betr\u00e4gt max. 15 Minuten.<br \/>\n<strong>Fahrtrouten<\/strong> k\u00f6nnen nur unter Beachtung der Wasser- und Wetter-verh\u00e4ltnisse sowie der gesetzlichen ber\u00fccksichtigt werden.<br \/>\nBei einer <strong>Verhinderung oder Beschr\u00e4nkung der Fahrt<\/strong>, die nicht durch die Reederei zu vertreten sind &#8211; wie z.B. Nebel, Hoch- und Niedrigwasser, etc. &#8211; findet die Veranstaltung im m\u00f6glichen aber verminderten Fahrtumfang<br \/>\nGD Incentives GmbH Sparkasse Harburg-Buxtehude Gesch\u00e4ftsf\u00fchrerin: Gerritje Deterding<br \/>\nLange Str. 31, 21640 Horneburg GD Incentives GmbH HRB : 201820 &#8211; Amtsgericht Tostedt<br \/>\nTel: 04163 \u2013 868 03 \u2013 0 IBAN: DE 03 2075 0000 0090 3782 33 USt-ID : DE 266193383<br \/>\nEmail: info@gd-incentives.de BIC: NOLADE21HAM<br \/>\noder am Anlegeplatz statt, ohne dass dem Kunden ein Anspruch auf Minderung der vereinbarten Verg\u00fctung zusteht.<\/p>\n<\/li>\n<\/ol>\n<\/li>\n<\/ol>\n<\/li>\n<li><strong>Verg\u00fctung \u2013 Zahlung<\/strong>\n<ol style=\"list-style-type: lower-alpha;\">\n<li>Alle vom Kunden genehmigten und von GD Incentives GmbH vom Kunden veranlasste Leistungen und Auslagen an Dritte, insbesondere auch f\u00fcr Forderungen von Urheberrechtsverwertungsgesellschaften sind vom Kunden zu \u00fcbernehmen.<\/li>\n<li>Ein Skontoabzug ist nicht zul\u00e4ssig.<\/li>\n<li>Zahlt der Kunde die vereinbarte erste Teilzahlung nicht fristgerecht, so hat die GD Incentives GmbH eine Nachfrist von sieben Tagen zu setzen.<\/li>\n<li>Erfolgt innerhalb dieser Nachfrist keine Nacherf\u00fcllung, ist die GD Incentives GmbH berechtigt, vom Vertrag zur\u00fcckzutreten und Schadenersatz zu fordern.<\/li>\n<li>Rechnungen von GD Incentives GmbH sind binnen 14 Tagen ab Zugang der Rechnung ohne Abzug zahlbar.<\/li>\n<li>GD Incentives GmbH kann die unverz\u00fcgliche Zahlung f\u00e4lliger Forderungen jederzeit vom Kunden verlangen. Bei Zahlungsverzug ist GD Incentives GmbH berechtigt, die jeweils geltenden gesetzlichen Verzugszinsen in H\u00f6he von derzeit 9 %, bei Rechtsgesch\u00e4ften, an denen ein Verbraucher beteiligt ist, in H\u00f6he von 5% \u00fcber dem Basiszinssatz der Europ\u00e4ischen Zentralbank zu verlangen.<\/li>\n<li>Der GD Incentives GmbH ist berechtigt, bei Vertragsschluss vom Auftraggeber eine angemessene Vorauszahlung, einer Anzahlung oder \u00c4hnlichem zu verlangen. Die H\u00f6he der Vorauszahlung und die Zahlungstermine werden in der Auftragsbest\u00e4tigung festgehalten.<\/li>\n<li>Zahlungsbedingungen k\u00f6nnen bei Bedarf schriftlich angepasst werden.<\/li>\n<\/ol>\n<\/li>\n<li><strong>R\u00fccktritt und Storno<\/strong>\n<ol style=\"list-style-type: lower-alpha;\">\n<li>Der Auftraggeber ist jederzeit berechtigt, vom Vertrag zur\u00fcckzutreten.<\/li>\n<li>F\u00fcr diesen Fall haftet der Kunde und verpflichtet sich zu folgenden Zahlungen (gestaffelt nach entsprechender Vorlaufzeit): Erfolgt der R\u00fccktritt:\n<ul>\n<li>bis 16 Wochen vor Veranstaltungsbeginn, ist eine Stornierung kostenfrei.<\/li>\n<li>15 bis 6 Wochen vor der Veranstaltung &#8211; 30% des netto Projektwertes.<\/li>\n<li>6 bis 2 Wochen vor der Veranstaltung &#8211; 50% des netto Projektwertes.<\/li>\n<li>bis 14 Tage zum Veranstaltungstag &#8211; 100% der netto Auftragssumme.<\/li>\n<\/ul>\n<\/li>\n<li>Bei <strong>Hotelbuchungen<\/strong>, ohne Programm gelten folgende Stornofristen:\n<ul>\n<li>6 Wochen vor Anreise Stornofrei<\/li>\n<li>4 \u2013 6 Wochen vor Anreise: 30 % der bestellten Zimmern<\/li>\n<li>2 \u2013 4 Wochen vor Anreise: 50 % der bestellten Zimmern<\/li>\n<li>Ab 14 Tagen vor Anreise: 100 % der bestellten Zimmern<br \/>\nEine R\u00fcckgabe von Teiln\u00e4chten ist ausgeschlossen, es sei denn, das Hotel hat sich, nach in Schriftform erfolgter Meldung durch den Besteller, mit der R\u00fcckgabe der Zimmer schriftlich einverstanden erkl\u00e4rt.<br \/>\nBei abweichende Stornobedingungen des Hotels gelten die Storno und Zahlungsbedingungen der gebuchten Hotels. Details werden im Vertrag festgehalten.<\/li>\n<\/ul>\n<\/li>\n<li>G\u00e4stef\u00fchrerbuchungen\n<p class=\"text-field\">Sie k\u00f6nnen jederzeit durch Erkl\u00e4rung gegen\u00fcber GD Incentives GmbH von der \u00fcber die F\u00fchrung geschlossenen Buchung zur\u00fccktreten.<br \/>\nErsatzanspruch bei R\u00fccktritt oder Stornierung wird wie folgt pauschaliert:<\/p>\n<ul>\n<li>bis zum 8. Tag vor der F\u00fchrung 0 %<\/li>\n<li>vom 7. bis zum 1. Tag vor der F\u00fchrung 80 %<\/li>\n<li>am Tag der F\u00fchrung 100 %<\/li>\n<\/ul>\n<p class=\"text-field\">des f\u00fcr die F\u00fchrung vereinbarten Preises.<\/p>\n<\/li>\n<li>Reiseleiterbuchungen\n<p class=\"text-field\">Ersatzanspruch bei R\u00fccktritt oder Stornierung wird wie folgt pauschalieren:<\/p>\n<ul>\n<li>bis zum 6 Wochen 0 % des vereinbarten netto Honorar,<\/li>\n<li>6 bis 4 Wochen vor der Reiseleitung 30 % des vereinbarten netto Honorar,<\/li>\n<li>4 Wochen bis 8 Tagen vor der Reiseleitung 50 % des vereinbarten netto Honorar,<\/li>\n<li>7. bis zum 1. Tag vor der Reiseleitung 80 % des vereinbarten netto Honorar,<\/li>\n<li>am Tag der Reiseleitung 100 % des vereinbarten netto Honorar,<\/li>\n<\/ul>\n<p class=\"text-field\">f\u00fcr die komplette Reiseleitung.<\/p>\n<\/li>\n<li>Bereits nachweisbar geleistete Vorarbeiten werden zum Stundensatz von 49,00 \u20ac zuzgl. MwSt. p. Std. verg\u00fctet.<br \/>\nVom Reiseleiter f\u00fcr die Reiseleitung bereits vorgenommene und best\u00e4tigten Auslagen und Buchungen, die nicht mehr kostenfrei stornierbar sind, sind umgehend vom Kunden zu verg\u00fcten.<\/li>\n<li>Sollte es sich um eine Verschiebung auf einen Termin innerhalb von sechs Monaten handeln, so werden 10% der Stornosumme bei der Rechnungslegung zum jeweiligen neuen Termin gutgeschrieben.<\/li>\n<li>Buchungen, die nicht mehr kostenfrei stornierbar sind, m\u00fcssen auch bei einer Verschiebung des Termins vom Auftraggeber vollst\u00e4ndig zu verg\u00fctet werden.<\/li>\n<li>Es bleibt Ihnen unbenommen nachzuweisen, dass kein oder ein wesentlich geringerer Schaden durch Ihren R\u00fccktritt entstanden ist, als eine von Ihnen geforderte Pauschale.<\/li>\n<\/ol>\n<\/li>\n<li><strong>Haftung<\/strong>\n<ol style=\"list-style-type: lower-alpha;\">\n<li>Bei Buchungen von externe Leistungstr\u00e4ger gelten grunds\u00e4tzlich die Buchungs- und Storno-bedingungen des gebuchten Leistungstr\u00e4ger.<\/li>\n<li>GD Incentives GmbH haftet nicht f\u00fcr Sch\u00e4den, Schlecht- und Nichtleistung, die nachweislich vom externen Leistungstr\u00e4ger verursacht wurden.<\/li>\n<li>Der GD Incentives GmbH haftet f\u00fcr Sach- und Personensch\u00e4den, die w\u00e4hrend der gesamten Veranstaltung, dem gesamten Programm f\u00fcr Sch\u00e4den, die durch dem Auftraggeber und oder seine Kunden verursacht werden, nur im Rahmen von Fahrl\u00e4ssigkeit und Vorsatz.<\/li>\n<\/ol>\n<\/li>\n<li><strong>Ticketbuchungen<\/strong>\n<ol style=\"list-style-type: lower-alpha;\">\n<li>GD Incentives GmbH handelt beim Verkauf von Theater-, Event- und Musicaltickets als Vertriebsagentur.<\/li>\n<li>Unsere Ticketpreise enthalten neben dem reinen Kartenpreis eine Ticketsystemgeb\u00fchr und eine Vorverkaufsgeb\u00fchr.<\/li>\n<li>Mit Vertragsschluss wird die Zahlung der bestellten Tickets sofort f\u00e4llig.<\/li>\n<li>Sitzpl\u00e4tze werden, soweit m\u00f6glich, zusammenh\u00e4ngend zugeteilt. Ein Anspruch auf zusammenh\u00e4ngende Pl\u00e4tze wird nicht gew\u00e4hrt.<\/li>\n<li>Ein Widerrufs- und R\u00fcckgaberecht besteht nicht. Es besteht auch kein Anspruch auf Umtausch von Karten.<\/li>\n<\/ol>\n<\/li>\n<li><strong>Unvorhergesehene Ereignisse<\/strong>\n<ol style=\"list-style-type: lower-alpha;\">\n<li>Der GD Incentives GmbH liefert zum vereinbarten Zeitpunkt am vereinbarten Ort laut Leistungs-beschreibung.<\/li>\n<li>Unvorhergesehene Ereignisse oder sonstige nicht zu beeinflussende Umst\u00e4nde (Sturmflut, Zugversp\u00e4tungen, Verkehrsstau, Sperrungen wegen Gro\u00dfveranstaltungen, Demonstrationen etc.) k\u00f6nnen dennoch zu Routen\u00e4nderungen, Verz\u00f6gerungen oder Absagen von Programmteilen f\u00fchren. Solche Verz\u00f6gerungen oder Absagen berechtigen nicht zur Geltendmachung von Anspr\u00fcchen.<\/li>\n<\/ol>\n<\/li>\n<li><strong>Gerichtsstand, Salvatorische Klausel<\/strong>\n<ol style=\"list-style-type: lower-alpha;\">\n<li>Es gilt deutsches Recht.<\/li>\n<li>Die Vertragsparteien verpflichten sich, bei Meinungsverschiedenheiten ein Schlichtungsverfahren mit dem Ziel durchzuf\u00fchren, eine interessengerechte und faire Vereinbarung im Wege einer Schlichtung\/Mediation unter Ber\u00fccksichtigung der wirtschaftlichen, rechtlichen, pers\u00f6nlichen und sozialen Gegebenheiten zu erarbeiten.<\/li>\n<li>Gerichtsstand f\u00fcr Streitigkeiten aus dem hier zugrundeliegenden Vertragsverh\u00e4ltnis ist Hamburg.<\/li>\n<\/ol>\n<\/li>\n<\/ol>\n<p>&nbsp;<\/p>\n<p class=\"text-field\">Sollte diese Vereinbarung oder Teile hiervon &#8211; aus welchen Gr\u00fcnden auch immer &#8211; unwirksam werden, tritt anstelle der unwirksamen Vereinbarung eine Regelung, die dem Gewollten am n\u00e4chsten kommt.<\/p>\n<p><img decoding=\"async\" class=\"size-full wp-image-2664 alignnone\" src=\"http:\/\/gdincentives.de\/wp-content\/uploads\/2025\/04\/sign.png\" alt=\"\" width=\"258\" height=\"80\" \/><\/p>\n<p style=\"display: flex; justify-content: space-between;\"><span class=\"flex-element\">_________________________________________<\/span> <span class=\"flex-element\">___________________________________________<\/span><\/p>\n<p style=\"display: flex; justify-content: space-between;\"><span class=\"flex-element\">GD Incentives GmbH<\/span> <span class=\"flex-element\">Datum und Unterschrift Auftraggeber<\/span><\/p>\n<p>&nbsp;<\/p>\n<p>Gesch\u00e4ftsf\u00fchrerin<\/p>\n<\/div>\n<table style=\"width: 100.652%;\" width=\"621\">\n<tbody>\n<tr>\n<td style=\"width: 30.9179%;\" width=\"196\">GD Incentives GmbH<\/td>\n<td style=\"width: 33.0113%;\" width=\"208\">Sparkasse Harburg-Buxtehude<\/td>\n<td style=\"width: 157.971%;\" width=\"217\">Gesch\u00e4ftsf\u00fchrerin: Gerritje Deterding<\/td>\n<\/tr>\n<tr>\n<td style=\"width: 30.9179%;\" width=\"196\">Lange Str. 31, 21640 Horneburg<\/td>\n<td style=\"width: 33.0113%;\" width=\"208\">GD Incentives GmbH<\/td>\n<td style=\"width: 157.971%;\" width=\"217\">HRB : 201820 &#8211; Amtsgericht Tostedt<\/td>\n<\/tr>\n<tr>\n<td style=\"width: 30.9179%;\" width=\"196\">Tel: 04163 \u2013 868 03 \u2013 0<\/td>\n<td style=\"width: 33.0113%;\" width=\"208\">IBAN: DE 03 2075 0000 0090 3782 33<\/td>\n<td style=\"width: 157.971%;\" width=\"217\">USt-ID :\u00a0 DE 266193383<\/td>\n<\/tr>\n<tr>\n<td style=\"width: 30.9179%;\" width=\"196\">Email: info@gd-incentives.de<\/td>\n<td style=\"width: 33.0113%;\" width=\"208\">BIC: NOLADE21HAM<\/td>\n<td style=\"width: 157.971%;\" width=\"217\"><\/td>\n<\/tr>\n<\/tbody>\n<\/table>\n<p>&nbsp;<\/p>\n<div style=\"display: flex; justify-content: center;\"><img fetchpriority=\"high\" decoding=\"async\" class=\"aligncenter size-full wp-image-2681\" src=\"http:\/\/gdincentives.de\/wp-content\/uploads\/2025\/04\/f-logo.png\" alt=\"\" width=\"772\" height=\"161\" srcset=\"https:\/\/gdincentives.de\/wp-content\/uploads\/2025\/04\/f-logo.png 772w, https:\/\/gdincentives.de\/wp-content\/uploads\/2025\/04\/f-logo-300x63.png 300w, https:\/\/gdincentives.de\/wp-content\/uploads\/2025\/04\/f-logo-768x160.png 768w, https:\/\/gdincentives.de\/wp-content\/uploads\/2025\/04\/f-logo-18x4.png 18w\" sizes=\"(max-width: 772px) 100vw, 772px\" \/><\/div>\n","protected":false},"excerpt":{"rendered":"<p>Vertragsbedingungen Die Vertragspartner verbindet ein Vertrag mit gegenseitigen Verpflichtungen, sobald der Kunde die Auftragsbest\u00e4tigung der GD Incentives GmbH unterzeichnet zur Verf\u00fcgung stellt. Die Auftragsbest\u00e4tigung und die allgemeinen Gesch\u00e4ftsbedingungen regeln den Inhalt der vertraglichen Beziehungen. Abweichende allgemeine Gesch\u00e4ftsbedingungen des Kunden sind nur wirksam, wenn sie diese mit der GD Incentives GmbH vereinbart haben. \u00c4nderungen bed\u00fcrfen der [&hellip;]<\/p>\n","protected":false},"author":229308707,"featured_media":0,"parent":0,"menu_order":0,"comment_status":"closed","ping_status":"closed","template":"","meta":{"footnotes":""},"class_list":["post-4421","page","type-page","status-publish","hentry"],"_links":{"self":[{"href":"https:\/\/gdincentives.de\/nl\/wp-json\/wp\/v2\/pages\/4421","targetHints":{"allow":["GET"]}}],"collection":[{"href":"https:\/\/gdincentives.de\/nl\/wp-json\/wp\/v2\/pages"}],"about":[{"href":"https:\/\/gdincentives.de\/nl\/wp-json\/wp\/v2\/types\/page"}],"author":[{"embeddable":true,"href":"https:\/\/gdincentives.de\/nl\/wp-json\/wp\/v2\/users\/229308707"}],"replies":[{"embeddable":true,"href":"https:\/\/gdincentives.de\/nl\/wp-json\/wp\/v2\/comments?post=4421"}],"version-history":[{"count":0,"href":"https:\/\/gdincentives.de\/nl\/wp-json\/wp\/v2\/pages\/4421\/revisions"}],"wp:attachment":[{"href":"https:\/\/gdincentives.de\/nl\/wp-json\/wp\/v2\/media?parent=4421"}],"curies":[{"name":"wp","href":"https:\/\/api.w.org\/{rel}","templated":true}]}}