{"id":4533,"date":"2023-07-12T11:05:25","date_gmt":"2023-07-12T11:05:25","guid":{"rendered":"https:\/\/gdincentives.de\/contact\/"},"modified":"2023-07-12T11:05:25","modified_gmt":"2023-07-12T11:05:25","slug":"contact","status":"publish","type":"page","link":"https:\/\/gdincentives.de\/fr\/contact\/","title":{"rendered":"Kontakt"},"content":{"rendered":"\t\t<div data-elementor-type=\"wp-page\" data-elementor-id=\"4533\" class=\"elementor elementor-4533 elementor-29\">\n\t\t\t\t\t\t<section class=\"elementor-section elementor-top-section elementor-element elementor-element-f14a52f elementor-section-full_width elementor-section-height-default elementor-section-height-default\" data-id=\"f14a52f\" data-element_type=\"section\" data-e-type=\"section\">\n\t\t\t\t\t\t<div class=\"elementor-container elementor-column-gap-no\">\n\t\t\t\t\t<div class=\"elementor-column elementor-col-100 elementor-top-column elementor-element elementor-element-d4bfd33\" data-id=\"d4bfd33\" data-element_type=\"column\" data-e-type=\"column\">\n\t\t\t<div class=\"elementor-widget-wrap elementor-element-populated\">\n\t\t\t\t\t\t<div class=\"elementor-element elementor-element-94d81d7 ptb-60 elementor-widget elementor-widget-contact\" data-id=\"94d81d7\" data-element_type=\"widget\" data-e-type=\"widget\" data-widget_type=\"contact.default\">\n\t\t\t\t<div class=\"elementor-widget-container\">\n\t\t\t\t\t            \r\n            <!-- Contact Section Start -->\r\n\t    \t<section class=\"conact-section\">\r\n\t            <div class=\"\">\r\n\t                <div data-aos=\"fade-up\" data-aos-duration=\"1200\" class=\"section-title\">\r\n\t                    <h2>Kontakt \u2013 Wir freuen uns auf Ihre Anfrage!<\/h2>\r\n\t                    <p>Haben Sie Fragen zu unseren Angeboten oder ben\u00f6tigen Sie Unterst\u00fctzung bei der Planung Ihrer Gruppenreise, Veranstaltung oder Firmenveranstaltung in Norddeutschland? Wir sind gerne f\u00fcr Sie da!<\/p>\r\n\t                <\/div>\r\n\t                \t                <div class=\"row\">\r\n\t                \t\t\t                    <div data-aos=\"fade-up\" data-aos-duration=\"1200\" class=\"col-lg-4 col-12\">\r\n\t\t                        <div class=\"contact-information\">\r\n\t\t                            <h3>Unsere Kontaktdaten<\/h3>\r\n\t\t                            <ul>\r\n\t\t                            \t\t\t\t                                <li>\r\n\t\t\t                                    <span class=\"icon\">\r\n\t\t\t                                    \t\t\t\t\t\t                            \t    <i class=\"bx bx-location-plus\"><\/i>\r\n\t\t\t\t\t                            \t\t\t\t                                    <\/span>\r\n\t                                            <span class=\"text\">\r\n\t                                            \t<span><p>GD Incentives GmbH<br \/>Hornbostelweg 18d<br \/>21604 Horneburg<br \/>Germany<\/p>\t                                            \t<\/span>\r\n\t                                            <\/span>\r\n\t\t\t                                <\/li>\r\n\t\t                                \t\t\t                                <li>\r\n\t\t\t                                    <span class=\"icon\">\r\n\t\t\t                                    \t\t\t\t\t\t                            \t    <i class=\"bx bx-phone-call\"><\/i>\r\n\t\t\t\t\t                            \t\t\t\t                                    <\/span>\r\n\t                                            <span class=\"text\">\r\n\t                                            \t<span><p><a href=\"tel:+494163868030\">+49 4163 868030<\/a><\/p>\t                                            \t<\/span>\r\n\t                                            <\/span>\r\n\t\t\t                                <\/li>\r\n\t\t                                \t\t\t                                <li>\r\n\t\t\t                                    <span class=\"icon\">\r\n\t\t\t                                    \t\t\t\t\t\t                            \t    <i class=\"bx bx-envelope\"><\/i>\r\n\t\t\t\t\t                            \t\t\t\t                                    <\/span>\r\n\t                                            <span class=\"text\">\r\n\t                                            \t<span><p><a href=\"mailto:office@gdincentives.de\">office@gdincentives.de<\/a><\/p>\t                                            \t<\/span>\r\n\t                                            <\/span>\r\n\t\t\t                                <\/li>\r\n\t\t                                \t\t\t                                <li>\r\n\t\t\t                                    <span class=\"icon\">\r\n\t\t\t                                    \t\t\t\t\t\t                            \t    <i class=\"bx bx-globe\"><\/i>\r\n\t\t\t\t\t                            \t\t\t\t                                    <\/span>\r\n\t                                            <span class=\"text\">\r\n\t                                            \t<span><p><a href=\"https:\/\/gdincentives.de\/\">gdincentives.de<\/a><\/p>\t                                            \t<\/span>\r\n\t                                            <\/span>\r\n\t\t\t                                <\/li>\r\n\t\t                                \t\t                            <\/ul>\r\n\t\t                        <\/div>\r\n\t\t                    <\/div>\r\n\t                    \t                    <div data-aos=\"fade-up\" data-aos-duration=\"1600\" class=\"col-lg-8 col-12\">\r\n\t                        <div class=\"contact-form\">\r\n\t                            <h3>Senden Sie uns eine Nachricht \u2013 Wir unterst\u00fctzen Sie gerne!<\/h3>\r\n\t                            \n<div class=\"wpcf7 no-js\" id=\"wpcf7-f4569-o1\" lang=\"fr-FR\" dir=\"ltr\" data-wpcf7-id=\"4569\">\n<div class=\"screen-reader-response\"><p role=\"status\" aria-live=\"polite\" aria-atomic=\"true\"><\/p> <ul><\/ul><\/div>\n<form action=\"\/fr\/wp-json\/wp\/v2\/pages\/4533#wpcf7-f4569-o1\" method=\"post\" class=\"wpcf7-form init\" aria-label=\"Formulaire de contact\" novalidate=\"novalidate\" data-status=\"init\">\n<fieldset class=\"hidden-fields-container\"><input type=\"hidden\" name=\"_wpcf7\" value=\"4569\" \/><input type=\"hidden\" name=\"_wpcf7_version\" value=\"6.1.5\" \/><input type=\"hidden\" name=\"_wpcf7_locale\" value=\"fr_FR\" \/><input type=\"hidden\" name=\"_wpcf7_unit_tag\" value=\"wpcf7-f4569-o1\" \/><input type=\"hidden\" name=\"_wpcf7_container_post\" value=\"0\" \/><input type=\"hidden\" name=\"_wpcf7_posted_data_hash\" value=\"\" \/>\n<\/fieldset>\n<div class=\"row\">\n\t<div class=\"col-12 first-text\">\n\t\t<p>Um Ihnen schnell und gezielt weiterhelfen zu k\u00f6nnen, teilen Sie uns bitte einige Details zu Ihrem Anliegen mit:\n\t\t<\/p>\n\t<\/div>\n\t<div class=\"col-md-6 col-12 mb-20\">\n\t\t<p><span class=\"wpcf7-form-control-wrap\" data-name=\"your-name\"><input size=\"40\" maxlength=\"400\" class=\"wpcf7-form-control wpcf7-text wpcf7-validates-as-required\" autocomplete=\"name\" aria-required=\"true\" aria-invalid=\"false\" placeholder=\"Ihr Name\" value=\"\" type=\"text\" name=\"your-name\" \/><\/span>\n\t\t<\/p>\n\t<\/div>\n\t<div class=\"col-md-6 col-12 mb-20\">\n\t\t<p><span class=\"wpcf7-form-control-wrap\" data-name=\"your-email\"><input size=\"40\" maxlength=\"400\" class=\"wpcf7-form-control wpcf7-email wpcf7-validates-as-required wpcf7-text wpcf7-validates-as-email\" autocomplete=\"email\" aria-required=\"true\" aria-invalid=\"false\" placeholder=\"Ihre E-Mail\" value=\"\" type=\"email\" name=\"your-email\" \/><\/span>\n\t\t<\/p>\n\t<\/div>\n\t<div class=\"col-12 mb-20\">\n\t\t<p><span class=\"wpcf7-form-control-wrap\" data-name=\"your-type-of-request\"><select class=\"wpcf7-form-control wpcf7-select wpcf7-validates-as-required\" aria-required=\"true\" aria-invalid=\"false\" name=\"your-type-of-request\"><option value=\"Art der Anfrage\">Art der Anfrage<\/option><option value=\"Gruppenreise\">Gruppenreise<\/option><option value=\"Tagung\">Tagung<\/option><option value=\"Teambuilding-Event\">Teambuilding-Event<\/option><option value=\"Hotelbuchung\">Hotelbuchung<\/option><option value=\"Restaurantreservierung\">Restaurantreservierung<\/option><\/select><\/span>\n\t\t<\/p>\n\t<\/div>\n\t<div class=\"col-12 mb-20\">\n\t\t<p><span class=\"wpcf7-form-control-wrap\" data-name=\"appointment-date\"><input size=\"40\" maxlength=\"400\" class=\"wpcf7-form-control wpcf7-text wpcf7-validates-as-required flatpickr\" aria-required=\"true\" aria-invalid=\"false\" placeholder=\"Wunschdatum \/ Zeitraum\" value=\"\" type=\"text\" name=\"appointment-date\" \/><\/span>\n\t\t<\/p>\n\t<\/div>\n\t<div class=\"col-12 mb-20\">\n\t\t<p><span class=\"wpcf7-form-control-wrap\" data-name=\"your-number\"><input class=\"wpcf7-form-control wpcf7-number wpcf7-validates-as-required wpcf7-validates-as-number\" min=\"1\" max=\"99\" step=\"1\" aria-required=\"true\" aria-invalid=\"false\" placeholder=\"Anzahl der Personen\" value=\"\" type=\"number\" name=\"your-number\" \/><\/span>\n\t\t<\/p>\n\t<\/div>\n\t<div class=\"col-12 mb-20\">\n\t\t<p><span class=\"wpcf7-form-control-wrap\" data-name=\"your-message\"><textarea cols=\"40\" rows=\"10\" maxlength=\"2000\" class=\"wpcf7-form-control wpcf7-textarea\" aria-invalid=\"false\" placeholder=\"Ihre Nachricht\" name=\"your-message\"><\/textarea><\/span>\n\t\t<\/p>\n\t<\/div>\n\t<div class=\"col-12\">\n\t\t<p><input class=\"wpcf7-form-control wpcf7-submit has-spinner\" type=\"submit\" value=\"Senden\" \/>\n\t\t<\/p>\n\t<\/div>\n\t<div class=\"col-12 last-text\">\n\t\t<p>D\u00fcrfen wir Sie zur\u00fcckrufen? Bitte geben Sie uns dazu eine Telefonnummer an<br \/>\nJe genauer Ihre Angaben, desto passgenauer k\u00f6nnen wir Ihnen ein individuelles Angebot zusammenstellen.<br \/>\nWir freuen uns darauf, mit Ihnen gemeinsam unvergessliche Erlebnisse zu gestalten!<br \/>\n\ud83d\udce9 Jetzt Anfrage senden \u2013 wir melden uns umgehend bei Ihnen!\n\t\t<\/p>\n\t<\/div>\n<\/div><p style=\"display: none !important;\" class=\"akismet-fields-container\" data-prefix=\"_wpcf7_ak_\"><label>&#916;<textarea name=\"_wpcf7_ak_hp_textarea\" cols=\"45\" rows=\"8\" maxlength=\"100\"><\/textarea><\/label><input type=\"hidden\" id=\"ak_js_1\" name=\"_wpcf7_ak_js\" value=\"105\"\/><script>\ndocument.getElementById( \"ak_js_1\" ).setAttribute( \"value\", ( new Date() ).getTime() );\n<\/script>\n<\/p><div class=\"wpcf7-response-output\" aria-hidden=\"true\"><\/div>\n<\/form>\n<\/div>\n\t                        <\/div>               \r\n\t                    <\/div>\r\n\t                <\/div>\r\n\t            <\/div>\r\n\t        <\/section>\r\n\t        <!-- Contact Section End -->\r\n\r\n\t    \t\t\t\t<\/div>\n\t\t\t\t<\/div>\n\t\t\t\t\t<\/div>\n\t\t<\/div>\n\t\t\t\t\t<\/div>\n\t\t<\/section>\n\t\t\t\t<\/div>\n\t\t","protected":false},"excerpt":{"rendered":"<p>Kontakt \u2013 Wir freuen uns auf Ihre Anfrage! Haben Sie Fragen zu unseren Angeboten oder ben\u00f6tigen Sie Unterst\u00fctzung bei der Planung Ihrer Gruppenreise, Veranstaltung oder Firmenveranstaltung in Norddeutschland? Wir sind gerne f\u00fcr Sie da! Unsere Kontaktdaten GD Incentives GmbHHornbostelweg 18d21604 HorneburgGermany +49 4163 868030 office@gdincentives.de gdincentives.de Senden Sie uns eine Nachricht \u2013 Wir unterst\u00fctzen Sie [&hellip;]<\/p>\n","protected":false},"author":229308707,"featured_media":0,"parent":0,"menu_order":0,"comment_status":"closed","ping_status":"closed","template":"","meta":{"footnotes":""},"class_list":["post-4533","page","type-page","status-publish","hentry"],"_links":{"self":[{"href":"https:\/\/gdincentives.de\/fr\/wp-json\/wp\/v2\/pages\/4533","targetHints":{"allow":["GET"]}}],"collection":[{"href":"https:\/\/gdincentives.de\/fr\/wp-json\/wp\/v2\/pages"}],"about":[{"href":"https:\/\/gdincentives.de\/fr\/wp-json\/wp\/v2\/types\/page"}],"author":[{"embeddable":true,"href":"https:\/\/gdincentives.de\/fr\/wp-json\/wp\/v2\/users\/229308707"}],"replies":[{"embeddable":true,"href":"https:\/\/gdincentives.de\/fr\/wp-json\/wp\/v2\/comments?post=4533"}],"version-history":[{"count":0,"href":"https:\/\/gdincentives.de\/fr\/wp-json\/wp\/v2\/pages\/4533\/revisions"}],"wp:attachment":[{"href":"https:\/\/gdincentives.de\/fr\/wp-json\/wp\/v2\/media?parent=4533"}],"curies":[{"name":"wp","href":"https:\/\/api.w.org\/{rel}","templated":true}]}}