{"id":4521,"date":"2023-07-12T11:11:04","date_gmt":"2023-07-12T09:11:04","guid":{"rendered":"https:\/\/gdincentives.de\/agent-grid\/"},"modified":"2025-04-24T17:13:58","modified_gmt":"2025-04-24T15:13:58","slug":"agent-grid","status":"publish","type":"page","link":"https:\/\/gdincentives.de\/fr\/agent-grid\/","title":{"rendered":"Agent Grid"},"content":{"rendered":"<p><!-- Agent Column Style --><br \/>\n<!-- Start Team Area --><\/p>\n<h2 style=\"text-align: center;\"><span style=\"font-size: 24pt;\">Unsere Guides, kompetent und engagiert<\/span><\/h2>\n<p style=\"text-align: center;\"><span style=\"font-size: 18pt;\">Unsere Stadtf\u00fchrungen und Erlebnisrundg\u00e4nge werden von leidenschaftlichen und zertifizierten Guides und Reiseleiter durchgef\u00fchrt, die ihre St\u00e4dte nicht nur kennen, sondern lieben. Mit fundiertem Fachwissen, spannenden Geschichten und einem feinen Gesp\u00fcr f\u00fcr die Interessen der G\u00e4ste \u2013 unsere Guides machen jede Tour zu einem besonderen Erlebnis. <\/span><\/p>\n<p style=\"text-align: center;\"><span style=\"font-size: 18pt;\">Unsere Guides sind echte Profis \u2013 jede und jeder bringt\u00a0 Erfahrung und Herzblut mit, und genau das macht unsere Touren so lebendig und pers\u00f6nlich.<\/span><\/p>\n<p style=\"text-align: center;\"><a href=\"\/?p=1840\"><img fetchpriority=\"high\" decoding=\"async\" class=\"alignleft\" src=\"http:\/\/gdincentives.de\/wp-content\/uploads\/2025\/03\/Anna-e1745241807788.jpg\" sizes=\"(max-width: 860px) 100vw, 860px\" srcset=\"http:\/\/gdincentives.de\/wp-content\/uploads\/2025\/03\/Anna-e1745241807788.jpg 860w, http:\/\/gdincentives.de\/wp-content\/uploads\/2025\/03\/Anna-e1745241807788-300x300.jpg 300w, http:\/\/gdincentives.de\/wp-content\/uploads\/2025\/03\/Anna-e1745241807788-150x150.jpg?crop=1 150w, http:\/\/gdincentives.de\/wp-content\/uploads\/2025\/03\/Anna-e1745241807788-768x768.jpg 768w\" alt=\"\" width=\"860\" height=\"860\" \/><\/a><\/p>\n<h3><\/h3>\n<h3><\/h3>\n<h3><\/h3>\n<h3><\/h3>\n<h3><\/h3>\n<h3><\/h3>\n<h3><\/h3>\n<h3><\/h3>\n<h3><\/h3>\n<h3><\/h3>\n<h3><\/h3>\n<h3><\/h3>\n<h3><\/h3>\n<h3><\/h3>\n<h3><\/h3>\n<h3><\/h3>\n<h3><\/h3>\n<h3><\/h3>\n<h3>Anna<\/h3>\n<p>Guide<br \/>\n<a href=\"\/?p=1836\"><br \/>\n<img decoding=\"async\" src=\"http:\/\/gdincentives.de\/wp-content\/uploads\/2025\/03\/Sabine-e1745241886189.jpg\" sizes=\"(max-width: 445px) 100vw, 445px\" srcset=\"http:\/\/gdincentives.de\/wp-content\/uploads\/2025\/03\/Sabine-e1745241886189.jpg 445w, http:\/\/gdincentives.de\/wp-content\/uploads\/2025\/03\/Sabine-e1745241886189-300x300.jpg 300w, http:\/\/gdincentives.de\/wp-content\/uploads\/2025\/03\/Sabine-e1745241886189-150x150.jpg?crop=1 150w\" alt=\"\" width=\"445\" height=\"445\" \/> <\/a><\/p>\n<ul>\n<li><\/li>\n<li><\/li>\n<li><\/li>\n<li><\/li>\n<\/ul>\n<h3>Sabine<\/h3>\n<p>Unsere fr\u00f6hliche Rheinl\u00e4nderin im Alten Land<br \/>\n<a href=\"\/?p=1832\"><br \/>\n<img decoding=\"async\" src=\"http:\/\/gdincentives.de\/wp-content\/uploads\/2025\/03\/Judith-2-e1745241951174.jpg\" sizes=\"(max-width: 358px) 100vw, 358px\" srcset=\"http:\/\/gdincentives.de\/wp-content\/uploads\/2025\/03\/Judith-2-e1745241951174.jpg 358w, http:\/\/gdincentives.de\/wp-content\/uploads\/2025\/03\/Judith-2-e1745241951174-300x300.jpg 300w, http:\/\/gdincentives.de\/wp-content\/uploads\/2025\/03\/Judith-2-e1745241951174-150x150.jpg?crop=1 150w\" alt=\"\" width=\"358\" height=\"358\" \/> <\/a><\/p>\n<p>&nbsp;<\/p>\n<h3>Judith<\/h3>\n<p>Ihre leidenschaftliche Botschafterin der Hansestadt Hamburg<br \/>\n<a href=\"\/?p=1828\"><br \/>\n<img loading=\"lazy\" decoding=\"async\" src=\"http:\/\/gdincentives.de\/wp-content\/uploads\/2025\/03\/Grerritje-Guide-e1745242014272.jpg\" sizes=\"(max-width: 428px) 100vw, 428px\" srcset=\"http:\/\/gdincentives.de\/wp-content\/uploads\/2025\/03\/Grerritje-Guide-e1745242014272.jpg 428w, http:\/\/gdincentives.de\/wp-content\/uploads\/2025\/03\/Grerritje-Guide-e1745242014272-300x300.jpg 300w, http:\/\/gdincentives.de\/wp-content\/uploads\/2025\/03\/Grerritje-Guide-e1745242014272-150x150.jpg?crop=1 150w\" alt=\"\" width=\"428\" height=\"428\" \/> <\/a><\/p>\n<h3>Gerritje<\/h3>\n<p>Ihr perfekter Guide und charmante Reiseleiterin<br \/>\n<a href=\"\/?p=1824\"><br \/>\n<img loading=\"lazy\" decoding=\"async\" src=\"http:\/\/gdincentives.de\/wp-content\/uploads\/2025\/03\/Edwin-e1745242073114.jpg\" sizes=\"(max-width: 1454px) 100vw, 1454px\" srcset=\"http:\/\/gdincentives.de\/wp-content\/uploads\/2025\/03\/Edwin-e1745242073114.jpg 1454w, http:\/\/gdincentives.de\/wp-content\/uploads\/2025\/03\/Edwin-e1745242073114-300x300.jpg 300w, http:\/\/gdincentives.de\/wp-content\/uploads\/2025\/03\/Edwin-e1745242073114-1024x1024.jpg 1024w, http:\/\/gdincentives.de\/wp-content\/uploads\/2025\/03\/Edwin-e1745242073114-150x150.jpg?crop=1 150w, http:\/\/gdincentives.de\/wp-content\/uploads\/2025\/03\/Edwin-e1745242073114-768x768.jpg 768w\" alt=\"\" width=\"1454\" height=\"1454\" \/> <\/a><\/p>\n<h3>Edwin<\/h3>\n<p>unser Hamburger Original<br \/>\n<a href=\"\/?p=1819\"><br \/>\n<img loading=\"lazy\" decoding=\"async\" src=\"http:\/\/gdincentives.de\/wp-content\/uploads\/2025\/03\/1-Brigitte-e1745242118473.jpg\" sizes=\"(max-width: 970px) 100vw, 970px\" srcset=\"http:\/\/gdincentives.de\/wp-content\/uploads\/2025\/03\/1-Brigitte-e1745242118473.jpg 970w, http:\/\/gdincentives.de\/wp-content\/uploads\/2025\/03\/1-Brigitte-e1745242118473-300x300.jpg 300w, http:\/\/gdincentives.de\/wp-content\/uploads\/2025\/03\/1-Brigitte-e1745242118473-150x150.jpg?crop=1 150w, http:\/\/gdincentives.de\/wp-content\/uploads\/2025\/03\/1-Brigitte-e1745242118473-768x768.jpg 768w\" alt=\"\" width=\"970\" height=\"970\" \/> <\/a><\/p>\n<h3>Brigitte<\/h3>\n<p>Ihr sympathischer und charmanter Guide f\u00fcr Norddeutschland<br \/>\n<!-- End Team Area --><\/p>\n","protected":false},"excerpt":{"rendered":"<p>Unsere Guides, kompetent und engagiert Unsere Stadtf\u00fchrungen und Erlebnisrundg\u00e4nge werden von leidenschaftlichen und zertifizierten Guides und Reiseleiter durchgef\u00fchrt, die ihre St\u00e4dte nicht nur kennen, sondern lieben. Mit fundiertem Fachwissen, spannenden Geschichten und einem feinen Gesp\u00fcr f\u00fcr die Interessen der G\u00e4ste \u2013 unsere Guides machen jede Tour zu einem besonderen Erlebnis. Unsere Guides sind echte Profis [&hellip;]<\/p>\n","protected":false},"author":229308707,"featured_media":0,"parent":0,"menu_order":0,"comment_status":"closed","ping_status":"closed","template":"","meta":{"footnotes":""},"class_list":["post-4521","page","type-page","status-publish","hentry"],"_links":{"self":[{"href":"https:\/\/gdincentives.de\/fr\/wp-json\/wp\/v2\/pages\/4521","targetHints":{"allow":["GET"]}}],"collection":[{"href":"https:\/\/gdincentives.de\/fr\/wp-json\/wp\/v2\/pages"}],"about":[{"href":"https:\/\/gdincentives.de\/fr\/wp-json\/wp\/v2\/types\/page"}],"author":[{"embeddable":true,"href":"https:\/\/gdincentives.de\/fr\/wp-json\/wp\/v2\/users\/229308707"}],"replies":[{"embeddable":true,"href":"https:\/\/gdincentives.de\/fr\/wp-json\/wp\/v2\/comments?post=4521"}],"version-history":[{"count":9,"href":"https:\/\/gdincentives.de\/fr\/wp-json\/wp\/v2\/pages\/4521\/revisions"}],"predecessor-version":[{"id":5426,"href":"https:\/\/gdincentives.de\/fr\/wp-json\/wp\/v2\/pages\/4521\/revisions\/5426"}],"wp:attachment":[{"href":"https:\/\/gdincentives.de\/fr\/wp-json\/wp\/v2\/media?parent=4521"}],"curies":[{"name":"wp","href":"https:\/\/api.w.org\/{rel}","templated":true}]}}