{"id":4500,"date":"2024-06-25T11:26:35","date_gmt":"2024-06-25T09:26:35","guid":{"rendered":"https:\/\/gdincentives.de\/tour-grid\/"},"modified":"2025-06-05T15:18:46","modified_gmt":"2025-06-05T13:18:46","slug":"tour-grid","status":"publish","type":"page","link":"https:\/\/gdincentives.de\/fr\/dienstleistungen\/tour-grid\/","title":{"rendered":"Rundg\u00e4nge"},"content":{"rendered":"\t\t<div data-elementor-type=\"wp-page\" data-elementor-id=\"4500\" class=\"elementor elementor-4500 elementor-993\">\n\t\t\t\t\t\t<section class=\"elementor-section elementor-top-section elementor-element elementor-element-dee8dd5 elementor-section-full_width elementor-section-height-default elementor-section-height-default\" data-id=\"dee8dd5\" data-element_type=\"section\" data-e-type=\"section\">\n\t\t\t\t\t\t<div class=\"elementor-container elementor-column-gap-no\">\n\t\t\t\t\t<div class=\"elementor-column elementor-col-100 elementor-top-column elementor-element elementor-element-5de89b1\" data-id=\"5de89b1\" data-element_type=\"column\" data-e-type=\"column\">\n\t\t\t<div class=\"elementor-widget-wrap elementor-element-populated\">\n\t\t\t\t\t\t<div class=\"elementor-element elementor-element-f26649a ptb-60 elementor-widget elementor-widget-turneo-services\" data-id=\"f26649a\" data-element_type=\"widget\" data-e-type=\"widget\" data-widget_type=\"turneo-services.default\">\n\t\t\t\t<div class=\"elementor-widget-container\">\n\t\t\t\t\t\r\n        <!-- Service Column Style -->\r\n        \r\n        <!-- Tour Section Start -->\r\n        <div class=\"tour-area dot-style-one\">\r\n            <div class=\"\">\r\n                <div data-aos=\"fade-up\" data-aos-duration=\"1200\" class=\"section-title\">\r\n                    <span class=\"top-title\">Rundg\u00e4nge<\/span>\r\n                    <h2>Entdecken Sie Stadtgeschichte hautnah  !<\/h2>\r\n                    <p>Unsere Rundg\u00e4nge zeigen Ihnen die Stadt von ihrer authentischsten Seite. In kleinen Gruppen oder exklusiv gef\u00fchrt tauchen Sie ein in Geschichte, Architektur und Leben vor Ort \u2013 lebendig, pers\u00f6nlich und mit Liebe zum Detail.<\/p>\r\n                <\/div>\r\n\r\n                \r\n                                    <div class=\"row justify-content-center\">\r\n                \r\n                      \r\n                                                    <div data-aos=\"fade-up\" data-aos-duration=\"1200\" class=\"col-lg-4 col-md-6 col-sm-6\">\r\n                                                    <div class=\"single-tour-box\">\r\n                                                                    <a href=\"https:\/\/gdincentives.de\/fr\/tour\/tagesausflug-ins-alte-land-tradition-charme-und-obstgaerten-erleben\/\">\r\n                                        <img decoding=\"async\" src=\"https:\/\/gdincentives.de\/wp-content\/uploads\/2025\/04\/1-Gudehandvierel-e1746729608493.jpg\" alt=\"Image\">\r\n                                    <\/a>\r\n                                                                <div class=\"content\">\r\n                                                                            <span class=\"price\"> \r\n                                            ab 500,00 \u20ac                                        <\/span>\r\n                                                                        <h3>Das Alte Land. Tradition, Charme und Obstg\u00e4rten erleben<\/h3>\r\n                                    <p>Willkommen im Alten Land, Deutschlands gr\u00f6\u00dftem zusammenh\u00e4ngenden Obstanbaugebiet! Diese malerische Region s\u00fcdlich der Elbe l\u00e4dt mit historischen\u2026<\/p>\r\n                                    <a href=\"https:\/\/gdincentives.de\/fr\/tour\/tagesausflug-ins-alte-land-tradition-charme-und-obstgaerten-erleben\/\" class=\"link-btn\">\r\n                                    Read More        \r\n                                    <\/a>\r\n                                <\/div>\r\n                            <\/div>\r\n                        <\/div>\r\n                      \r\n                                                    <div data-aos=\"fade-up\" data-aos-duration=\"1200\" class=\"col-lg-4 col-md-6 col-sm-6\">\r\n                                                    <div class=\"single-tour-box\">\r\n                                                                    <a href=\"https:\/\/gdincentives.de\/fr\/tour\/ringtour-stadtrundfahrt-mit-der-u-bahn\/\">\r\n                                        <img decoding=\"async\" src=\"https:\/\/gdincentives.de\/wp-content\/uploads\/2025\/04\/1-1-e1747072281734.jpg\" alt=\"Image\">\r\n                                    <\/a>\r\n                                                                <div class=\"content\">\r\n                                                                            <span class=\"price\"> \r\n                                            36,50 \u20ac                                        <\/span>\r\n                                                                        <h3>Ringtour \u2013 Stadtrundfahrt mit der U-Bahn<\/h3>\r\n                                    <p>Erleben Sie Hamburgs erste Stadtrundfahrt mit der U-Bahn \u2013 ein einzigartiges Erlebnis! Diese weltweit einmalige Tour kombiniert\u2026<\/p>\r\n                                    <a href=\"https:\/\/gdincentives.de\/fr\/tour\/ringtour-stadtrundfahrt-mit-der-u-bahn\/\" class=\"link-btn\">\r\n                                    Read More        \r\n                                    <\/a>\r\n                                <\/div>\r\n                            <\/div>\r\n                        <\/div>\r\n                      \r\n                                                    <div data-aos=\"fade-up\" data-aos-duration=\"1200\" class=\"col-lg-4 col-md-6 col-sm-6\">\r\n                                                    <div class=\"single-tour-box\">\r\n                                                                    <a href=\"https:\/\/gdincentives.de\/fr\/tour\/exklusive-rundgang-stade-in-kleine-gruppen\/\">\r\n                                        <img decoding=\"async\" src=\"https:\/\/gdincentives.de\/wp-content\/uploads\/2025\/04\/1-Fleet-WEst-e1746725348623.jpg\" alt=\"Image\">\r\n                                    <\/a>\r\n                                                                <div class=\"content\">\r\n                                                                            <span class=\"price\"> \r\n                                            150,00 \u20ac                                        <\/span>\r\n                                                                        <h3>Exklusive Rundgang Stade in kleine Gruppen!<\/h3>\r\n                                    <p>Unsere gef\u00fchrten Stadtrundg\u00e4nge in kleinen Gruppen lassen Sie die historischen H\u00f6hepunkte der charmanten Altstadt entdecken \u2013 mit\u2026<\/p>\r\n                                    <a href=\"https:\/\/gdincentives.de\/fr\/tour\/exklusive-rundgang-stade-in-kleine-gruppen\/\" class=\"link-btn\">\r\n                                    Read More        \r\n                                    <\/a>\r\n                                <\/div>\r\n                            <\/div>\r\n                        <\/div>\r\n                      \r\n                                                    <div data-aos=\"fade-up\" data-aos-duration=\"1200\" class=\"col-lg-4 col-md-6 col-sm-6\">\r\n                                                    <div class=\"single-tour-box\">\r\n                                                                    <a href=\"https:\/\/gdincentives.de\/fr\/tour\/der-etwas-andere-rundgang-st-pauli-geschichte-menschen-und-besondere-orte\/\">\r\n                                        <img decoding=\"async\" src=\"https:\/\/gdincentives.de\/wp-content\/uploads\/2025\/04\/5-ivoli-Davidwache-e1747065497189.jpg\" alt=\"Image\">\r\n                                    <\/a>\r\n                                                                <div class=\"content\">\r\n                                                                        <h3>Der etwas andere St. Pauli Rundgang<\/h3>\r\n                                    <p>Zwischen Tingeltangel, Tierpark und Zeitgeschichte \u2013 St. Pauli, wie Sie es noch nie erlebt haben Entdecken Sie\u2026<\/p>\r\n                                    <a href=\"https:\/\/gdincentives.de\/fr\/tour\/der-etwas-andere-rundgang-st-pauli-geschichte-menschen-und-besondere-orte\/\" class=\"link-btn\">\r\n                                    Read More        \r\n                                    <\/a>\r\n                                <\/div>\r\n                            <\/div>\r\n                        <\/div>\r\n                      \r\n                                                    <div data-aos=\"fade-up\" data-aos-duration=\"1200\" class=\"col-lg-4 col-md-6 col-sm-6\">\r\n                                                    <div class=\"single-tour-box\">\r\n                                                                    <a href=\"https:\/\/gdincentives.de\/fr\/tour\/rundgang-musikgeschichte\/\">\r\n                                        <img decoding=\"async\" src=\"https:\/\/gdincentives.de\/wp-content\/uploads\/2025\/04\/1-Peterstrasse-e1747323264534.jpg\" alt=\"Image\">\r\n                                    <\/a>\r\n                                                                <div class=\"content\">\r\n                                                                            <span class=\"price\"> \r\n                                            ab 350,00 \u20ac                                        <\/span>\r\n                                                                        <h3>Rundgang Musikgeschichte<\/h3>\r\n                                    <p>Auf den Spuren der Musikgeschichte\u00a0 durch Hamburgs Altstadt Hamburg \u2013 eine Stadt, in der Musik seit dem\u2026<\/p>\r\n                                    <a href=\"https:\/\/gdincentives.de\/fr\/tour\/rundgang-musikgeschichte\/\" class=\"link-btn\">\r\n                                    Read More        \r\n                                    <\/a>\r\n                                <\/div>\r\n                            <\/div>\r\n                        <\/div>\r\n                      \r\n                                                    <div data-aos=\"fade-up\" data-aos-duration=\"1200\" class=\"col-lg-4 col-md-6 col-sm-6\">\r\n                                                    <div class=\"single-tour-box\">\r\n                                                                    <a href=\"https:\/\/gdincentives.de\/fr\/tour\/lueneburg-von-salz-musik-und-geschichte-gepraegt\/\">\r\n                                        <img decoding=\"async\" src=\"https:\/\/gdincentives.de\/wp-content\/uploads\/2025\/04\/1-Rats-und-Abtmuehle-e1747316731526.jpg\" alt=\"Image\">\r\n                                    <\/a>\r\n                                                                <div class=\"content\">\r\n                                                                            <span class=\"price\"> \r\n                                            99.99$                                        <\/span>\r\n                                                                        <h3>L\u00fcneburg &#8211; Von Salz, Musik und Geschichte gepr\u00e4gt<\/h3>\r\n                                    <p>Entdecken Sie das historische L\u00fcneburg Erleben Sie die charmante Altstadt L\u00fcneburgs \u2013 eine Stadt, die mit ihren\u2026<\/p>\r\n                                    <a href=\"https:\/\/gdincentives.de\/fr\/tour\/lueneburg-von-salz-musik-und-geschichte-gepraegt\/\" class=\"link-btn\">\r\n                                    Read More        \r\n                                    <\/a>\r\n                                <\/div>\r\n                            <\/div>\r\n                        <\/div>\r\n                      \r\n                                                    <div data-aos=\"fade-up\" data-aos-duration=\"1200\" class=\"col-lg-4 col-md-6 col-sm-6\">\r\n                                                    <div class=\"single-tour-box\">\r\n                                                                    <a href=\"https:\/\/gdincentives.de\/fr\/tour\/hamburgs-kontorhausviertel-ein-rundgang-durch-geschichte-und-architektur\/\">\r\n                                        <img decoding=\"async\" src=\"https:\/\/gdincentives.de\/wp-content\/uploads\/2025\/04\/1-Hindenburghaus.jpg\" alt=\"Image\">\r\n                                    <\/a>\r\n                                                                <div class=\"content\">\r\n                                                                            <span class=\"price\"> \r\n                                            99.99$                                        <\/span>\r\n                                                                        <h3>Quartier Kontorhaus Une promenade entre histoire et architecture<\/h3>\r\n                                    <p>Plongez dans l\u2019univers fascinant du quartier \u201cKontorhaus\u201d, o\u00f9 l\u2019\u00e9l\u00e9gance hans\u00e9atique rencontre une architecture impressionnante. Cette visite d\u00e9bute\u2026<\/p>\r\n                                    <a href=\"https:\/\/gdincentives.de\/fr\/tour\/hamburgs-kontorhausviertel-ein-rundgang-durch-geschichte-und-architektur\/\" class=\"link-btn\">\r\n                                    Read More        \r\n                                    <\/a>\r\n                                <\/div>\r\n                            <\/div>\r\n                        <\/div>\r\n                      \r\n                                                    <div data-aos=\"fade-up\" data-aos-duration=\"1200\" class=\"col-lg-4 col-md-6 col-sm-6\">\r\n                                                    <div class=\"single-tour-box\">\r\n                                                                    <a href=\"https:\/\/gdincentives.de\/fr\/tour\/geschichte-der-prostitution-lebendig-und-spannend-erleben\/\">\r\n                                        <img decoding=\"async\" src=\"https:\/\/gdincentives.de\/wp-content\/uploads\/2025\/04\/1-Herbertstr.Tor_-e1747316080705.jpg\" alt=\"Image\">\r\n                                    <\/a>\r\n                                                                <div class=\"content\">\r\n                                                                            <span class=\"price\"> \r\n                                            34,50 \u20ac                                        <\/span>\r\n                                                                        <h3>Die Hurentour \u2013 Das Original &#8211; Geschichte der Prostitution lebendig und spannend<\/h3>\r\n                                    <p>Die Hurentour \u2013 Das Original bietet einen einzigartigen Einblick in die Geschichte und Gegenwart der Prostitution \u2013\u2026<\/p>\r\n                                    <a href=\"https:\/\/gdincentives.de\/fr\/tour\/geschichte-der-prostitution-lebendig-und-spannend-erleben\/\" class=\"link-btn\">\r\n                                    Read More        \r\n                                    <\/a>\r\n                                <\/div>\r\n                            <\/div>\r\n                        <\/div>\r\n                      \r\n                                                    <div data-aos=\"fade-up\" data-aos-duration=\"1200\" class=\"col-lg-4 col-md-6 col-sm-6\">\r\n                                                    <div class=\"single-tour-box\">\r\n                                                                    <a href=\"https:\/\/gdincentives.de\/fr\/tour\/fischermanns-gang-erleben-sie-altonas-maritimes-erbe\/\">\r\n                                        <img decoding=\"async\" src=\"https:\/\/gdincentives.de\/wp-content\/uploads\/2025\/04\/1-Stuhlmannbrunnem.jpg\" alt=\"Image\">\r\n                                    <\/a>\r\n                                                                <div class=\"content\">\r\n                                                                            <span class=\"price\"> \r\n                                            99.99$                                        <\/span>\r\n                                                                        <h3>\u201eFischermanns Gang\u201c\u2013 Erleben Sie Altonas maritimes Erbe<\/h3>\r\n                                    <p>Willkommen bei Fischerman\u2019s Gang \u2013 Alles, was Sie \u00fcber Fisch wissen wollen! Haben Sie sich jemals gefragt,\u2026<\/p>\r\n                                    <a href=\"https:\/\/gdincentives.de\/fr\/tour\/fischermanns-gang-erleben-sie-altonas-maritimes-erbe\/\" class=\"link-btn\">\r\n                                    Read More        \r\n                                    <\/a>\r\n                                <\/div>\r\n                            <\/div>\r\n                        <\/div>\r\n                                        \r\n                <\/div>\r\n\r\n                <!-- Pagination Part Start -->\r\n                                    <div class=\"post-pagination\" data-aos=\"fade-up\" data-aos-duration=\"1200\">\r\n                        <nav class=\"navigation pagination\" aria-label=\"Blog\">\r\n                            <div class=\"nav-links\">\r\n                                <span aria-current=\"page\" class=\"page-numbers current\">1<\/span>\n<a class=\"page-numbers\" href=\"https:\/\/gdincentives.de\/fr\/wp-json\/wp\/v2\/pages\/4500\/page\/2\/\">2<\/a>\n<a class=\"page-numbers\" href=\"https:\/\/gdincentives.de\/fr\/wp-json\/wp\/v2\/pages\/4500\/page\/3\/\">3<\/a>\n<a class=\"next page-numbers\" href=\"https:\/\/gdincentives.de\/fr\/wp-json\/wp\/v2\/pages\/4500\/page\/2\/\"><i class=\"bx bx-right-arrow-alt\"><\/i><\/a>                            <\/div>\r\n                        <\/nav>\r\n                    <\/div>\r\n                                <!-- Pagination Part End -->\r\n\r\n        \r\n                <!-- Service Button Link -->\r\n                \r\n                <!-- Button Part Start --> \r\n                                    <div data-aos=\"fade-up\" data-aos-duration=\"1200\" class=\"btn-area text-center\">\r\n                        <a href=\"#\"  target=\"_blank\"  rel=\"nofollow\" class=\"btn style5\">View All Services<\/a>\r\n                    <\/div>\r\n                                <!-- Button Part End -->\r\n\r\n            <\/div>\r\n        <\/div>\r\n        <!-- Service Section End -->\r\n\r\n    \t\t\t\t<\/div>\n\t\t\t\t<\/div>\n\t\t\t\t\t<\/div>\n\t\t<\/div>\n\t\t\t\t\t<\/div>\n\t\t<\/section>\n\t\t\t\t<\/div>\n\t\t","protected":false},"excerpt":{"rendered":"<p>Rundg\u00e4nge Entdecken Sie Stadtgeschichte hautnah ! Unsere Rundg\u00e4nge zeigen Ihnen die Stadt von ihrer authentischsten Seite. In kleinen Gruppen oder exklusiv gef\u00fchrt tauchen Sie ein in Geschichte, Architektur und Leben vor Ort \u2013 lebendig, pers\u00f6nlich und mit Liebe zum Detail. 99.99$ Reisevorschl\u00e4ge f\u00fcr die Niederlande Ein Land voller Geschichte, Wasser und Kultur Unsere Gesch\u00e4ftsf\u00fchrerin Gerritje, [&hellip;]<\/p>\n","protected":false},"author":1,"featured_media":0,"parent":4503,"menu_order":3,"comment_status":"closed","ping_status":"closed","template":"","meta":{"footnotes":""},"class_list":["post-4500","page","type-page","status-publish","hentry"],"_links":{"self":[{"href":"https:\/\/gdincentives.de\/fr\/wp-json\/wp\/v2\/pages\/4500","targetHints":{"allow":["GET"]}}],"collection":[{"href":"https:\/\/gdincentives.de\/fr\/wp-json\/wp\/v2\/pages"}],"about":[{"href":"https:\/\/gdincentives.de\/fr\/wp-json\/wp\/v2\/types\/page"}],"author":[{"embeddable":true,"href":"https:\/\/gdincentives.de\/fr\/wp-json\/wp\/v2\/users\/1"}],"replies":[{"embeddable":true,"href":"https:\/\/gdincentives.de\/fr\/wp-json\/wp\/v2\/comments?post=4500"}],"version-history":[{"count":15,"href":"https:\/\/gdincentives.de\/fr\/wp-json\/wp\/v2\/pages\/4500\/revisions"}],"predecessor-version":[{"id":6157,"href":"https:\/\/gdincentives.de\/fr\/wp-json\/wp\/v2\/pages\/4500\/revisions\/6157"}],"up":[{"embeddable":true,"href":"https:\/\/gdincentives.de\/fr\/wp-json\/wp\/v2\/pages\/4503"}],"wp:attachment":[{"href":"https:\/\/gdincentives.de\/fr\/wp-json\/wp\/v2\/media?parent=4500"}],"curies":[{"name":"wp","href":"https:\/\/api.w.org\/{rel}","templated":true}]}}