{"id":4431,"date":"2025-04-01T23:37:56","date_gmt":"2025-04-01T21:37:56","guid":{"rendered":"https:\/\/gdincentives.de\/hinweis-zu-stornierungen-und-absicherungen-ihrer-tickets\/"},"modified":"2025-05-04T15:37:03","modified_gmt":"2025-05-04T13:37:03","slug":"hinweis-zu-stornierungen-und-absicherungen-ihrer-tickets","status":"publish","type":"page","link":"https:\/\/gdincentives.de\/fr\/hinweis-zu-stornierungen-und-absicherungen-ihrer-tickets\/","title":{"rendered":"Hinweis zu Stornierungen und Absicherungen Ihrer Tickets"},"content":{"rendered":"\t\t<div data-elementor-type=\"wp-page\" data-elementor-id=\"4431\" class=\"elementor elementor-4431 elementor-2721\">\n\t\t\t\t\t\t<section class=\"elementor-section elementor-top-section elementor-element elementor-element-196b74b2 elementor-section-boxed elementor-section-height-default elementor-section-height-default\" data-id=\"196b74b2\" data-element_type=\"section\" data-e-type=\"section\">\n\t\t\t\t\t\t<div class=\"elementor-container elementor-column-gap-default\">\n\t\t\t\t\t<div class=\"elementor-column elementor-col-100 elementor-top-column elementor-element elementor-element-6e05e52e\" data-id=\"6e05e52e\" data-element_type=\"column\" data-e-type=\"column\">\n\t\t\t<div class=\"elementor-widget-wrap elementor-element-populated\">\n\t\t\t\t\t\t<div class=\"elementor-element elementor-element-36e5ca8 elementor-widget elementor-widget-text-editor\" data-id=\"36e5ca8\" data-element_type=\"widget\" data-e-type=\"widget\" data-widget_type=\"text-editor.default\">\n\t\t\t\t<div class=\"elementor-widget-container\">\n\t\t\t\t\t\t\t\t\t<p>Wir freuen uns, Ihnen unvergessliche Erlebnisse mit unseren F\u00fchrungen, Veranstaltungen und Ticketbuchungen zu erm\u00f6glichen. Bitte beachten Sie, dass gebuchte Tickets grunds\u00e4tzlich <strong>nicht erstattet<\/strong> oder <strong>umgetauscht<\/strong> werden k\u00f6nnen.<\/p>\n<p>Damit Sie sich dennoch entspannt auf Ihr F\u00fchrung oder Event freuen k\u00f6nnen, empfehlen wir den Abschluss einer <strong>Ticketversicherung<\/strong>. Denn manchmal kommt das Leben dazwischen \u2013 sei es durch Krankheit, einen Unfall oder eine unvorhergesehene Ver\u00e4nderungen im Beruf.<\/p>\n<p><strong>Ihre Vorteile mit einer Ticketversicherung<\/strong><\/p>\n<p>Sch\u00fctzen Sie Ihre Eintrittskarten f\u00fcr<strong> Touren,<\/strong> <strong>Musicals<\/strong>, <strong>Konzerte<\/strong>, <strong>Theater<\/strong>, <strong>Opern<\/strong> oder gro\u00dfe <strong>Sportveranstaltungen<\/strong> gegen unerwartete Ausf\u00e4lle. Die Versicherung muss <strong>sp\u00e4testens 30 Tage vor Veranstaltungsbegin<\/strong> abgeschlossen werden und deckt z.B. folgende F\u00e4lle ab:<\/p>\n<ul>\n<li><strong>Erstattung der Stornokosten<\/strong> bis zur H\u00f6he des versicherten Eintrittspreises.<\/li>\n<li><strong>Unerwartete schwere Erkrankung<\/strong> oder <strong>Unfallverletzung<\/strong>.<\/li>\n<li><strong>Verkehrsmittelversp\u00e4tung<\/strong>, die den rechtzeitigen Besuch verhindert.<\/li>\n<li><strong>Verlust des Arbeitsplatzes<\/strong> oder die <strong>Aufnahme eines neuen Arbeitsverh\u00e4ltnisses<\/strong>.<\/li><li><br><\/li>\n<\/ul>\n<p>Lassen Sie sich die Vorfreude nicht nehmen!&nbsp; &nbsp; &nbsp; &nbsp; &nbsp; &nbsp; &nbsp; &nbsp; &nbsp; &nbsp; &nbsp; &nbsp; &nbsp; &nbsp; &nbsp; &nbsp; &nbsp; &nbsp; &nbsp; &nbsp; &nbsp; &nbsp; &nbsp; &nbsp; &nbsp; &nbsp; &nbsp; &nbsp; &nbsp; &nbsp; &nbsp; &nbsp; &nbsp; &nbsp; &nbsp; &nbsp; &nbsp; &nbsp; &nbsp; &nbsp; &nbsp; &nbsp; &nbsp; &nbsp; &nbsp; &nbsp; &nbsp; &nbsp; &nbsp; &nbsp; &nbsp; &nbsp; &nbsp; &nbsp; &nbsp; &nbsp; &nbsp; &nbsp; &nbsp; &nbsp; &nbsp; &nbsp; &nbsp; &nbsp; &nbsp; &nbsp; &nbsp; &nbsp; &nbsp; &nbsp; &nbsp; &nbsp; &nbsp; &nbsp; &nbsp; &nbsp; &nbsp; &nbsp; &nbsp; &nbsp; &nbsp; &nbsp; &nbsp; &nbsp; &nbsp; &nbsp; &nbsp; &nbsp; &nbsp; &nbsp; &nbsp; &nbsp; &nbsp; &nbsp; &nbsp; &nbsp; Sichern Sie Ihre Tickets rechtzeitig ab und genie\u00dfen Sie Ihre Veranstaltung sorgenfrei.<\/p>\n<p>Bei Fragen zur Ticketversicherung oder zum Buchungsprozess stehen wir Ihnen selbstverst\u00e4ndlich gerne zur Verf\u00fcgung.<\/p>\n<p><strong>Ihre unvergesslichen Momente \u2013 sicher geplant!<\/strong><br><img decoding=\"async\" draggable=\"false\" role=\"img\" class=\"emoji\" alt=\"\ud83d\udcde\" src=\"https:\/\/s.w.org\/images\/core\/emoji\/15.1.0\/svg\/1f4de.svg\"> <a href=\"tel:+494163868030\">+49 4163 868030<\/a><br><img decoding=\"async\" draggable=\"false\" role=\"img\" class=\"emoji\" alt=\"\ud83d\udce7\" src=\"https:\/\/s.w.org\/images\/core\/emoji\/15.1.0\/svg\/1f4e7.svg\"> <a href=\"mailto:office@gdincentives.de\">office@gdincentives.de<\/a><\/p>\n<p>Link zur Ticketversicherung<\/p><p><br><\/p>\t\t\t\t\t\t\t\t<\/div>\n\t\t\t\t<\/div>\n\t\t\t\t\t<\/div>\n\t\t<\/div>\n\t\t\t\t\t<\/div>\n\t\t<\/section>\n\t\t\t\t<\/div>\n\t\t","protected":false},"excerpt":{"rendered":"<p>Wir freuen uns, Ihnen unvergessliche Erlebnisse mit unseren F\u00fchrungen, Veranstaltungen und Ticketbuchungen zu erm\u00f6glichen. Bitte beachten Sie, dass gebuchte Tickets grunds\u00e4tzlich nicht erstattet oder umgetauscht werden k\u00f6nnen. Damit Sie sich dennoch entspannt auf Ihr F\u00fchrung oder Event freuen k\u00f6nnen, empfehlen wir den Abschluss einer Ticketversicherung. Denn manchmal kommt das Leben dazwischen \u2013 sei es durch [&hellip;]<\/p>\n","protected":false},"author":229308707,"featured_media":0,"parent":0,"menu_order":0,"comment_status":"closed","ping_status":"closed","template":"","meta":{"footnotes":""},"class_list":["post-4431","page","type-page","status-publish","hentry"],"_links":{"self":[{"href":"https:\/\/gdincentives.de\/fr\/wp-json\/wp\/v2\/pages\/4431","targetHints":{"allow":["GET"]}}],"collection":[{"href":"https:\/\/gdincentives.de\/fr\/wp-json\/wp\/v2\/pages"}],"about":[{"href":"https:\/\/gdincentives.de\/fr\/wp-json\/wp\/v2\/types\/page"}],"author":[{"embeddable":true,"href":"https:\/\/gdincentives.de\/fr\/wp-json\/wp\/v2\/users\/229308707"}],"replies":[{"embeddable":true,"href":"https:\/\/gdincentives.de\/fr\/wp-json\/wp\/v2\/comments?post=4431"}],"version-history":[{"count":4,"href":"https:\/\/gdincentives.de\/fr\/wp-json\/wp\/v2\/pages\/4431\/revisions"}],"predecessor-version":[{"id":5613,"href":"https:\/\/gdincentives.de\/fr\/wp-json\/wp\/v2\/pages\/4431\/revisions\/5613"}],"wp:attachment":[{"href":"https:\/\/gdincentives.de\/fr\/wp-json\/wp\/v2\/media?parent=4431"}],"curies":[{"name":"wp","href":"https:\/\/api.w.org\/{rel}","templated":true}]}}