{"id":1576,"date":"2024-06-25T11:26:35","date_gmt":"2024-06-25T09:26:35","guid":{"rendered":"https:\/\/gdincentives.de\/tour-grid\/"},"modified":"2025-06-05T15:18:46","modified_gmt":"2025-06-05T13:18:46","slug":"tour-grid","status":"publish","type":"page","link":"https:\/\/gdincentives.de\/en\/dienstleistungen\/tour-grid\/","title":{"rendered":"Rundg\u00e4nge"},"content":{"rendered":"\t\t<div data-elementor-type=\"wp-page\" data-elementor-id=\"1576\" class=\"elementor elementor-1576 elementor-993\">\n\t\t\t\t\t\t<section class=\"elementor-section elementor-top-section elementor-element elementor-element-dee8dd5 elementor-section-full_width elementor-section-height-default elementor-section-height-default\" data-id=\"dee8dd5\" data-element_type=\"section\" data-e-type=\"section\">\n\t\t\t\t\t\t<div class=\"elementor-container elementor-column-gap-no\">\n\t\t\t\t\t<div class=\"elementor-column elementor-col-100 elementor-top-column elementor-element elementor-element-5de89b1\" data-id=\"5de89b1\" data-element_type=\"column\" data-e-type=\"column\">\n\t\t\t<div class=\"elementor-widget-wrap elementor-element-populated\">\n\t\t\t\t\t\t<div class=\"elementor-element elementor-element-f26649a ptb-60 elementor-widget elementor-widget-turneo-services\" data-id=\"f26649a\" data-element_type=\"widget\" data-e-type=\"widget\" data-widget_type=\"turneo-services.default\">\n\t\t\t\t<div class=\"elementor-widget-container\">\n\t\t\t\t\t\r\n        <!-- Service Column Style -->\r\n        \r\n        <!-- Tour Section Start -->\r\n        <div class=\"tour-area dot-style-one\">\r\n            <div class=\"\">\r\n                <div data-aos=\"fade-up\" data-aos-duration=\"1200\" class=\"section-title\">\r\n                    <span class=\"top-title\">Rundg\u00e4nge<\/span>\r\n                    <h2>Entdecken Sie Stadtgeschichte hautnah  !<\/h2>\r\n                    <p>Unsere Rundg\u00e4nge zeigen Ihnen die Stadt von ihrer authentischsten Seite. In kleinen Gruppen oder exklusiv gef\u00fchrt tauchen Sie ein in Geschichte, Architektur und Leben vor Ort \u2013 lebendig, pers\u00f6nlich und mit Liebe zum Detail.<\/p>\r\n                <\/div>\r\n\r\n                \r\n                                    <div class=\"row justify-content-center\">\r\n                \r\n                      \r\n                                                    <div data-aos=\"fade-up\" data-aos-duration=\"1200\" class=\"col-lg-4 col-md-6 col-sm-6\">\r\n                                                    <div class=\"single-tour-box\">\r\n                                                                    <a href=\"https:\/\/gdincentives.de\/en\/tour\/tagesausflug-ins-alte-land-tradition-charme-und-obstgaerten-erleben\/\">\r\n                                        <img decoding=\"async\" src=\"https:\/\/gdincentives.de\/wp-content\/uploads\/2025\/04\/1-Gudehandvierel-e1746729608493.jpg\" alt=\"Image\">\r\n                                    <\/a>\r\n                                                                <div class=\"content\">\r\n                                                                            <span class=\"price\"> \r\n                                            99.99$                                        <\/span>\r\n                                                                        <h3>Day trip to the Altes Land region. Experience tradition, charm, and orchards<\/h3>\r\n                                    <p>Welcome to the Altes Land region, Germany's largest contiguous fruit-growing region! This picturesque region south of the&hellip;<\/p>\r\n                                    <a href=\"https:\/\/gdincentives.de\/en\/tour\/tagesausflug-ins-alte-land-tradition-charme-und-obstgaerten-erleben\/\" class=\"link-btn\">\r\n                                    Read More        \r\n                                    <\/a>\r\n                                <\/div>\r\n                            <\/div>\r\n                        <\/div>\r\n                      \r\n                                                    <div data-aos=\"fade-up\" data-aos-duration=\"1200\" class=\"col-lg-4 col-md-6 col-sm-6\">\r\n                                                    <div class=\"single-tour-box\">\r\n                                                                    <a href=\"https:\/\/gdincentives.de\/en\/tour\/ringtour-stadtrundfahrt-mit-der-u-bahn\/\">\r\n                                        <img decoding=\"async\" src=\"https:\/\/gdincentives.de\/wp-content\/uploads\/2025\/04\/1-1-e1747072281734.jpg\" alt=\"Image\">\r\n                                    <\/a>\r\n                                                                <div class=\"content\">\r\n                                                                            <span class=\"price\"> \r\n                                            99.99$                                        <\/span>\r\n                                                                        <h3>Ringtour \u2013 Stadtrundfahrt mit der U-Bahn<\/h3>\r\n                                    <p>Experience Hamburg's first city tour by subway \u2013 a unique experience! This unique tour combines a barrier-free&hellip;<\/p>\r\n                                    <a href=\"https:\/\/gdincentives.de\/en\/tour\/ringtour-stadtrundfahrt-mit-der-u-bahn\/\" class=\"link-btn\">\r\n                                    Read More        \r\n                                    <\/a>\r\n                                <\/div>\r\n                            <\/div>\r\n                        <\/div>\r\n                      \r\n                                                    <div data-aos=\"fade-up\" data-aos-duration=\"1200\" class=\"col-lg-4 col-md-6 col-sm-6\">\r\n                                                    <div class=\"single-tour-box\">\r\n                                                                    <a href=\"https:\/\/gdincentives.de\/en\/tour\/exklusive-rundgang-stade-in-kleine-gruppen\/\">\r\n                                        <img decoding=\"async\" src=\"https:\/\/gdincentives.de\/wp-content\/uploads\/2025\/04\/1-Fleet-WEst-e1746725348623.jpg\" alt=\"Image\">\r\n                                    <\/a>\r\n                                                                <div class=\"content\">\r\n                                                                            <span class=\"price\"> \r\n                                            150,00 \u20ac                                        <\/span>\r\n                                                                        <h3>Discover Stade in Small Groups<\/h3>\r\n                                    <p>Your exclusive city tour with a personal touch. Immerse yourself in the fascinating history of the Hanseatic&hellip;<\/p>\r\n                                    <a href=\"https:\/\/gdincentives.de\/en\/tour\/exklusive-rundgang-stade-in-kleine-gruppen\/\" class=\"link-btn\">\r\n                                    Read More        \r\n                                    <\/a>\r\n                                <\/div>\r\n                            <\/div>\r\n                        <\/div>\r\n                      \r\n                                                    <div data-aos=\"fade-up\" data-aos-duration=\"1200\" class=\"col-lg-4 col-md-6 col-sm-6\">\r\n                                                    <div class=\"single-tour-box\">\r\n                                                                    <a href=\"https:\/\/gdincentives.de\/en\/tour\/der-etwas-andere-rundgang-st-pauli-geschichte-menschen-und-besondere-orte\/\">\r\n                                        <img decoding=\"async\" src=\"https:\/\/gdincentives.de\/wp-content\/uploads\/2025\/04\/5-ivoli-Davidwache-e1747065497189.jpg\" alt=\"Image\">\r\n                                    <\/a>\r\n                                                                <div class=\"content\">\r\n                                                                            <span class=\"price\"> \r\n                                            99.99$                                        <\/span>\r\n                                                                        <h3>The Alternative St. Pauli Tour<\/h3>\r\n                                    <p>Between \u201cTingeltangel\u201d, Zoos, and History \u2013 Discover St. Pauli like never before Explore St. Pauli far from&hellip;<\/p>\r\n                                    <a href=\"https:\/\/gdincentives.de\/en\/tour\/der-etwas-andere-rundgang-st-pauli-geschichte-menschen-und-besondere-orte\/\" class=\"link-btn\">\r\n                                    Read More        \r\n                                    <\/a>\r\n                                <\/div>\r\n                            <\/div>\r\n                        <\/div>\r\n                      \r\n                                                    <div data-aos=\"fade-up\" data-aos-duration=\"1200\" class=\"col-lg-4 col-md-6 col-sm-6\">\r\n                                                    <div class=\"single-tour-box\">\r\n                                                                    <a href=\"https:\/\/gdincentives.de\/en\/tour\/rundgang-musikgeschichte\/\">\r\n                                        <img decoding=\"async\" src=\"https:\/\/gdincentives.de\/wp-content\/uploads\/2025\/04\/1-Peterstrasse-e1747323264534.jpg\" alt=\"Image\">\r\n                                    <\/a>\r\n                                                                <div class=\"content\">\r\n                                                                            <span class=\"price\"> \r\n                                            99.99$                                        <\/span>\r\n                                                                        <h3>Music History Tour<\/h3>\r\n                                    <p>In the footsteps of music history \u2013 A tour through Hamburg's old town Hamburg \u2013 a city&hellip;<\/p>\r\n                                    <a href=\"https:\/\/gdincentives.de\/en\/tour\/rundgang-musikgeschichte\/\" class=\"link-btn\">\r\n                                    Read More        \r\n                                    <\/a>\r\n                                <\/div>\r\n                            <\/div>\r\n                        <\/div>\r\n                      \r\n                                                    <div data-aos=\"fade-up\" data-aos-duration=\"1200\" class=\"col-lg-4 col-md-6 col-sm-6\">\r\n                                                    <div class=\"single-tour-box\">\r\n                                                                    <a href=\"https:\/\/gdincentives.de\/en\/tour\/lueneburg-von-salz-musik-und-geschichte-gepraegt\/\">\r\n                                        <img decoding=\"async\" src=\"https:\/\/gdincentives.de\/wp-content\/uploads\/2025\/04\/1-Rats-und-Abtmuehle-e1747316731526.jpg\" alt=\"Image\">\r\n                                    <\/a>\r\n                                                                <div class=\"content\">\r\n                                                                            <span class=\"price\"> \r\n                                            from 220,00 \u20ac                                        <\/span>\r\n                                                                        <h3>L\u00fcneburg &#8211; Shaped by salt, music and history<\/h3>\r\n                                    <p>Discover Historic L\u00fcneburg Experience the charming old town of L\u00fcneburg \u2013 a city that comes to life&hellip;<\/p>\r\n                                    <a href=\"https:\/\/gdincentives.de\/en\/tour\/lueneburg-von-salz-musik-und-geschichte-gepraegt\/\" class=\"link-btn\">\r\n                                    Read More        \r\n                                    <\/a>\r\n                                <\/div>\r\n                            <\/div>\r\n                        <\/div>\r\n                      \r\n                                                    <div data-aos=\"fade-up\" data-aos-duration=\"1200\" class=\"col-lg-4 col-md-6 col-sm-6\">\r\n                                                    <div class=\"single-tour-box\">\r\n                                                                    <a href=\"https:\/\/gdincentives.de\/en\/tour\/hamburgs-kontorhausviertel-ein-rundgang-durch-geschichte-und-architektur\/\">\r\n                                        <img decoding=\"async\" src=\"https:\/\/gdincentives.de\/wp-content\/uploads\/2025\/04\/1-Hindenburghaus.jpg\" alt=\"Image\">\r\n                                    <\/a>\r\n                                                                <div class=\"content\">\r\n                                                                            <span class=\"price\"> \r\n                                            from 220,00 \u20ac                                        <\/span>\r\n                                                                        <h3>Kontorhaus District &#8211; A Walk Through History and Architecture<\/h3>\r\n                                    <p>Immerse yourself in the fascinating world of Hamburg\u2019s Kontorhaus District, where Hanseatic elegance meets striking architecture. Starting&hellip;<\/p>\r\n                                    <a href=\"https:\/\/gdincentives.de\/en\/tour\/hamburgs-kontorhausviertel-ein-rundgang-durch-geschichte-und-architektur\/\" class=\"link-btn\">\r\n                                    Read More        \r\n                                    <\/a>\r\n                                <\/div>\r\n                            <\/div>\r\n                        <\/div>\r\n                      \r\n                                                    <div data-aos=\"fade-up\" data-aos-duration=\"1200\" class=\"col-lg-4 col-md-6 col-sm-6\">\r\n                                                    <div class=\"single-tour-box\">\r\n                                                                    <a href=\"https:\/\/gdincentives.de\/en\/tour\/geschichte-der-prostitution-lebendig-und-spannend-erleben\/\">\r\n                                        <img decoding=\"async\" src=\"https:\/\/gdincentives.de\/wp-content\/uploads\/2025\/04\/1-Herbertstr.Tor_-e1747316080705.jpg\" alt=\"Image\">\r\n                                    <\/a>\r\n                                                                <div class=\"content\">\r\n                                                                            <span class=\"price\"> \r\n                                            99.99$                                        <\/span>\r\n                                                                        <h3>Experience the history of prostitution in a lively and exciting way<\/h3>\r\n                                    <p>The Whore Tour \u2013 The Original offers a unique insight into the history and present of prostitution&hellip;<\/p>\r\n                                    <a href=\"https:\/\/gdincentives.de\/en\/tour\/geschichte-der-prostitution-lebendig-und-spannend-erleben\/\" class=\"link-btn\">\r\n                                    Read More        \r\n                                    <\/a>\r\n                                <\/div>\r\n                            <\/div>\r\n                        <\/div>\r\n                      \r\n                                                    <div data-aos=\"fade-up\" data-aos-duration=\"1200\" class=\"col-lg-4 col-md-6 col-sm-6\">\r\n                                                    <div class=\"single-tour-box\">\r\n                                                                    <a href=\"https:\/\/gdincentives.de\/en\/tour\/fischermanns-gang-erleben-sie-altonas-maritimes-erbe\/\">\r\n                                        <img decoding=\"async\" src=\"https:\/\/gdincentives.de\/wp-content\/uploads\/2025\/04\/1-Stuhlmannbrunnem-e1747315565462.jpg\" alt=\"Image\">\r\n                                    <\/a>\r\n                                                                <div class=\"content\">\r\n                                                                            <span class=\"price\"> \r\n                                            99.99$                                        <\/span>\r\n                                                                        <h3>\u201eFischermanns Gang\u201c\u2013 Erleben Sie Altonas maritimes Erbe<\/h3>\r\n                                    <p>Willkommen bei Fischerman\u2019s Gang \u2013 Alles, was Sie \u00fcber Fisch wissen wollen! Haben Sie sich jemals gefragt,&hellip;<\/p>\r\n                                    <a href=\"https:\/\/gdincentives.de\/en\/tour\/fischermanns-gang-erleben-sie-altonas-maritimes-erbe\/\" class=\"link-btn\">\r\n                                    Read More        \r\n                                    <\/a>\r\n                                <\/div>\r\n                            <\/div>\r\n                        <\/div>\r\n                                        \r\n                <\/div>\r\n\r\n                <!-- Pagination Part Start -->\r\n                                    <div class=\"post-pagination\" data-aos=\"fade-up\" data-aos-duration=\"1200\">\r\n                        <nav class=\"navigation pagination\" aria-label=\"Blog\">\r\n                            <div class=\"nav-links\">\r\n                                <span aria-current=\"page\" class=\"page-numbers current\">1<\/span>\n<a class=\"page-numbers\" href=\"https:\/\/gdincentives.de\/en\/wp-json\/wp\/v2\/pages\/1576\/page\/2\/\">2<\/a>\n<a class=\"page-numbers\" href=\"https:\/\/gdincentives.de\/en\/wp-json\/wp\/v2\/pages\/1576\/page\/3\/\">3<\/a>\n<a class=\"next page-numbers\" href=\"https:\/\/gdincentives.de\/en\/wp-json\/wp\/v2\/pages\/1576\/page\/2\/\"><i class=\"bx bx-right-arrow-alt\"><\/i><\/a>                            <\/div>\r\n                        <\/nav>\r\n                    <\/div>\r\n                                <!-- Pagination Part End -->\r\n\r\n        \r\n                <!-- Service Button Link -->\r\n                \r\n                <!-- Button Part Start --> \r\n                                    <div data-aos=\"fade-up\" data-aos-duration=\"1200\" class=\"btn-area text-center\">\r\n                        <a href=\"#\"  target=\"_blank\"  rel=\"nofollow\" class=\"btn style5\">View All Services<\/a>\r\n                    <\/div>\r\n                                <!-- Button Part End -->\r\n\r\n            <\/div>\r\n        <\/div>\r\n        <!-- Service Section End -->\r\n\r\n    \t\t\t\t<\/div>\n\t\t\t\t<\/div>\n\t\t\t\t\t<\/div>\n\t\t<\/div>\n\t\t\t\t\t<\/div>\n\t\t<\/section>\n\t\t\t\t<\/div>\n\t\t","protected":false},"excerpt":{"rendered":"<p>Rundg\u00e4nge Entdecken Sie Stadtgeschichte hautnah ! Unsere Rundg\u00e4nge zeigen Ihnen die Stadt von ihrer authentischsten Seite. In kleinen Gruppen oder exklusiv gef\u00fchrt tauchen Sie ein in Geschichte, Architektur und Leben vor Ort \u2013 lebendig, pers\u00f6nlich und mit Liebe zum Detail. 99.99$ Reisevorschl\u00e4ge f\u00fcr die Niederlande Ein Land voller Geschichte, Wasser und Kultur Unsere Gesch\u00e4ftsf\u00fchrerin Gerritje, [&hellip;]<\/p>\n","protected":false},"author":1,"featured_media":0,"parent":1577,"menu_order":3,"comment_status":"closed","ping_status":"closed","template":"","meta":{"footnotes":""},"class_list":["post-1576","page","type-page","status-publish","hentry"],"_links":{"self":[{"href":"https:\/\/gdincentives.de\/en\/wp-json\/wp\/v2\/pages\/1576","targetHints":{"allow":["GET"]}}],"collection":[{"href":"https:\/\/gdincentives.de\/en\/wp-json\/wp\/v2\/pages"}],"about":[{"href":"https:\/\/gdincentives.de\/en\/wp-json\/wp\/v2\/types\/page"}],"author":[{"embeddable":true,"href":"https:\/\/gdincentives.de\/en\/wp-json\/wp\/v2\/users\/1"}],"replies":[{"embeddable":true,"href":"https:\/\/gdincentives.de\/en\/wp-json\/wp\/v2\/comments?post=1576"}],"version-history":[{"count":16,"href":"https:\/\/gdincentives.de\/en\/wp-json\/wp\/v2\/pages\/1576\/revisions"}],"predecessor-version":[{"id":6155,"href":"https:\/\/gdincentives.de\/en\/wp-json\/wp\/v2\/pages\/1576\/revisions\/6155"}],"up":[{"embeddable":true,"href":"https:\/\/gdincentives.de\/en\/wp-json\/wp\/v2\/pages\/1577"}],"wp:attachment":[{"href":"https:\/\/gdincentives.de\/en\/wp-json\/wp\/v2\/media?parent=1576"}],"curies":[{"name":"wp","href":"https:\/\/api.w.org\/{rel}","templated":true}]}}