{"id":1569,"date":"2024-06-25T11:41:27","date_gmt":"2024-06-25T09:41:27","guid":{"rendered":"https:\/\/gdincentives.de\/flight-grid\/"},"modified":"2025-05-06T19:13:19","modified_gmt":"2025-05-06T17:13:19","slug":"flight-grid","status":"publish","type":"page","link":"https:\/\/gdincentives.de\/en\/dienstleistungen\/flight-grid\/","title":{"rendered":"Flight Grid"},"content":{"rendered":"\t\t<div data-elementor-type=\"wp-page\" data-elementor-id=\"1569\" class=\"elementor elementor-1569 elementor-1014\">\n\t\t\t\t\t\t<section class=\"elementor-section elementor-top-section elementor-element elementor-element-372fe87 elementor-section-full_width elementor-section-height-default elementor-section-height-default\" data-id=\"372fe87\" data-element_type=\"section\" data-e-type=\"section\">\n\t\t\t\t\t\t<div class=\"elementor-container elementor-column-gap-no\">\n\t\t\t\t\t<div class=\"elementor-column elementor-col-100 elementor-top-column elementor-element elementor-element-1061c16\" data-id=\"1061c16\" data-element_type=\"column\" data-e-type=\"column\">\n\t\t\t<div class=\"elementor-widget-wrap elementor-element-populated\">\n\t\t\t\t\t\t<div class=\"elementor-element elementor-element-27506fb ptb-60 elementor-widget elementor-widget-turneo-services\" data-id=\"27506fb\" data-element_type=\"widget\" data-e-type=\"widget\" data-widget_type=\"turneo-services.default\">\n\t\t\t\t<div class=\"elementor-widget-container\">\n\t\t\t\t\t\r\n        <!-- Service Column Style -->\r\n        \r\n        <!-- Flight Section Start -->\r\n        <div class=\"flight-area dot-style-two\">\r\n            <div class=\"\">\r\n                <div data-aos=\"fade-up\" data-aos-duration=\"1200\" class=\"section-title\">\r\n                    <span class=\"top-title\">Reiseleitungen<\/span>\r\n                    <h2>Unsere Reiseleiterinnen \u2013 kompetent, herzlich, im Norden zuhause<\/h2>\r\n                    <p>Sie kennen nicht nur die Wege, sondern auch die Geschichten dahinter.  Mit Fachwissen, Humor und Gesp\u00fcr f\u00fcr Land und Leute machen  Geschichte lebendig und Orte unvergesslich.\nAls Partnerinnen des Reiseveranstalters, verl\u00e4ssliche Ansprechpartnerinnen f\u00fcr die G\u00e4ste und diskrete Organisatorinnen im Hintergrund begleiten sie pers\u00f6nlich, fundiert und nah am Leben vor Ort. Immer gerne unterwegs durch Deutschland und in die nordeurop\u00e4ischen L\u00e4nder.\n<\/p>\r\n                <\/div>\r\n\r\n                \r\n                                    <div class=\"row justify-content-center\">\r\n                \r\n                      \r\n                                                    <div data-aos=\"fade-up\" data-aos-duration=\"1200\" class=\"col-lg-6 col-md-12 col-sm-12\">\r\n                        \r\n                            <div class=\"single-flight-box\">\r\n                                <div class=\"flight-box-front-part\">\r\n                                                                    <\/div>\r\n                                <div class=\"flight-box-back-part\">\r\n                                    <div class=\"d-table\">\r\n                                        <div class=\"d-table-cell\">\r\n                                            <h3>Tour guides from GD-Incentives<\/h3>\r\n                                                                                            <span class=\"price\"> \r\n                                                    Tageshonorsr                                                <\/span>\r\n                                                                                        <p>The great strengths of our tour guides Our tour guides represent competence, dedication,&hellip;<\/p>\r\n                                            <a href=\"https:\/\/gdincentives.de\/en\/flight\/reiseleitung-von-gd-incentives\/\" class=\"link-btn\">\r\n                                                Read More        \r\n                                            <\/a>\r\n                                        <\/div>\r\n                                    <\/div>\r\n                                <\/div>\r\n                            <\/div>\r\n                        <\/div>\r\n\r\n                      \r\n                                                    <div data-aos=\"fade-up\" data-aos-duration=\"1200\" class=\"col-lg-6 col-md-12 col-sm-12\">\r\n                        \r\n                            <div class=\"single-flight-box\">\r\n                                <div class=\"flight-box-front-part\">\r\n                                                                            <img decoding=\"async\" src=\"https:\/\/gdincentives.de\/wp-content\/uploads\/2025\/04\/1-Holland-1-e1747069430616.jpg\" alt=\"Image\">\r\n                                                                    <\/div>\r\n                                <div class=\"flight-box-back-part\">\r\n                                    <div class=\"d-table\">\r\n                                        <div class=\"d-table-cell\">\r\n                                            <h3>Travel suggestions for the Netherlands<\/h3>\r\n                                                                                            <span class=\"price\"> \r\n                                                    99.99$                                                <\/span>\r\n                                                                                        <p>A country full of history, water and culture Our managing director, Gerritje, a&hellip;<\/p>\r\n                                            <a href=\"https:\/\/gdincentives.de\/en\/flight\/reisevorschlaege-fuer-die-niederlande\/\" class=\"link-btn\">\r\n                                                Read More        \r\n                                            <\/a>\r\n                                        <\/div>\r\n                                    <\/div>\r\n                                <\/div>\r\n                            <\/div>\r\n                        <\/div>\r\n\r\n                      \r\n                                                    <div data-aos=\"fade-up\" data-aos-duration=\"1200\" class=\"col-lg-6 col-md-12 col-sm-12\">\r\n                        \r\n                            <div class=\"single-flight-box\">\r\n                                <div class=\"flight-box-front-part\">\r\n                                                                            <img decoding=\"async\" src=\"https:\/\/gdincentives.de\/wp-content\/uploads\/2025\/04\/1-Stralsund-2-2-e1747069448341.jpg\" alt=\"Image\">\r\n                                                                    <\/div>\r\n                                <div class=\"flight-box-back-part\">\r\n                                    <div class=\"d-table\">\r\n                                        <div class=\"d-table-cell\">\r\n                                            <h3>Tour guide Hanseatic cities and Baltic pearls<\/h3>\r\n                                                                                            <span class=\"price\"> \r\n                                                    99.99$                                                <\/span>\r\n                                                                                        <p>Multi-day tour: Hanseatic cities and Baltic pearls Discover the fascinating Hanseatic cities of&hellip;<\/p>\r\n                                            <a href=\"https:\/\/gdincentives.de\/en\/flight\/reiseleitung-hansestaedte-und-ostseeperlen\/\" class=\"link-btn\">\r\n                                                Read More        \r\n                                            <\/a>\r\n                                        <\/div>\r\n                                    <\/div>\r\n                                <\/div>\r\n                            <\/div>\r\n                        <\/div>\r\n\r\n                      \r\n                                                    <div data-aos=\"fade-up\" data-aos-duration=\"1200\" class=\"col-lg-6 col-md-12 col-sm-12\">\r\n                        \r\n                            <div class=\"single-flight-box\">\r\n                                <div class=\"flight-box-front-part\">\r\n                                                                            <img decoding=\"async\" src=\"https:\/\/gdincentives.de\/wp-content\/uploads\/2025\/04\/1-Kohlfeld-1-e1747317320782.jpg\" alt=\"Image\">\r\n                                                                    <\/div>\r\n                                <div class=\"flight-box-back-part\">\r\n                                    <div class=\"d-table\">\r\n                                        <div class=\"d-table-cell\">\r\n                                            <h3>3 days on the North Sea coast to Sylt. Tradition, nature, and maritime culture<\/h3>\r\n                                                                                            <span class=\"price\"> \r\n                                                    99.99$                                                <\/span>\r\n                                                                                        <p>Day 1: Hamburg \u2013 Heide Starting in Hamburg with a brief introduction, we&hellip;<\/p>\r\n                                            <a href=\"https:\/\/gdincentives.de\/en\/flight\/3-tage-nordseekueste-bis-sylt-tradition-natur-und-maritime-kultur\/\" class=\"link-btn\">\r\n                                                Read More        \r\n                                            <\/a>\r\n                                        <\/div>\r\n                                    <\/div>\r\n                                <\/div>\r\n                            <\/div>\r\n                        <\/div>\r\n\r\n                      \r\n                                                    <div data-aos=\"fade-up\" data-aos-duration=\"1200\" class=\"col-lg-6 col-md-12 col-sm-12\">\r\n                        \r\n                            <div class=\"single-flight-box\">\r\n                                <div class=\"flight-box-front-part\">\r\n                                                                            <img decoding=\"async\" src=\"https:\/\/gdincentives.de\/wp-content\/uploads\/2024\/06\/flight-1.jpg\" alt=\"Image\">\r\n                                                                    <\/div>\r\n                                <div class=\"flight-box-back-part\">\r\n                                    <div class=\"d-table\">\r\n                                        <div class=\"d-table-cell\">\r\n                                            <h3>Aer Lingus<\/h3>\r\n                                                                                            <span class=\"price\"> \r\n                                                    $150.00                                                <\/span>\r\n                                                                                        <p>Lorem ipsum dolor sit amet, consectetur adipiscing elit. Vestibulum ut enim sagittis, lacinia&hellip;<\/p>\r\n                                            <a href=\"https:\/\/gdincentives.de\/en\/flight\/aer-lingus\/\" class=\"link-btn\">\r\n                                                Read More        \r\n                                            <\/a>\r\n                                        <\/div>\r\n                                    <\/div>\r\n                                <\/div>\r\n                            <\/div>\r\n                        <\/div>\r\n\r\n                      \r\n                                                    <div data-aos=\"fade-up\" data-aos-duration=\"1200\" class=\"col-lg-6 col-md-12 col-sm-12\">\r\n                        \r\n                            <div class=\"single-flight-box\">\r\n                                <div class=\"flight-box-front-part\">\r\n                                                                            <img decoding=\"async\" src=\"https:\/\/gdincentives.de\/wp-content\/uploads\/2024\/06\/flight-2.jpg\" alt=\"Image\">\r\n                                                                    <\/div>\r\n                                <div class=\"flight-box-back-part\">\r\n                                    <div class=\"d-table\">\r\n                                        <div class=\"d-table-cell\">\r\n                                            <h3>Air Arabia<\/h3>\r\n                                                                                            <span class=\"price\"> \r\n                                                    $125.00                                                <\/span>\r\n                                                                                        <p>Lorem ipsum dolor sit amet, consectetur adipiscing elit. Vestibulum ut enim sagittis, lacinia&hellip;<\/p>\r\n                                            <a href=\"https:\/\/gdincentives.de\/en\/flight\/air-arabia\/\" class=\"link-btn\">\r\n                                                Read More        \r\n                                            <\/a>\r\n                                        <\/div>\r\n                                    <\/div>\r\n                                <\/div>\r\n                            <\/div>\r\n                        <\/div>\r\n\r\n                      \r\n                                                    <div data-aos=\"fade-up\" data-aos-duration=\"1200\" class=\"col-lg-6 col-md-12 col-sm-12\">\r\n                        \r\n                            <div class=\"single-flight-box\">\r\n                                <div class=\"flight-box-front-part\">\r\n                                                                            <img decoding=\"async\" src=\"https:\/\/gdincentives.de\/wp-content\/uploads\/2024\/06\/flight-3.jpg\" alt=\"Image\">\r\n                                                                    <\/div>\r\n                                <div class=\"flight-box-back-part\">\r\n                                    <div class=\"d-table\">\r\n                                        <div class=\"d-table-cell\">\r\n                                            <h3>Air Asia<\/h3>\r\n                                                                                            <span class=\"price\"> \r\n                                                    $100.00                                                <\/span>\r\n                                                                                        <p>Lorem ipsum dolor sit amet, consectetur adipiscing elit. Vestibulum ut enim sagittis, lacinia&hellip;<\/p>\r\n                                            <a href=\"https:\/\/gdincentives.de\/en\/flight\/air-asia\/\" class=\"link-btn\">\r\n                                                Read More        \r\n                                            <\/a>\r\n                                        <\/div>\r\n                                    <\/div>\r\n                                <\/div>\r\n                            <\/div>\r\n                        <\/div>\r\n\r\n                      \r\n                                                    <div data-aos=\"fade-up\" data-aos-duration=\"1200\" class=\"col-lg-6 col-md-12 col-sm-12\">\r\n                        \r\n                            <div class=\"single-flight-box\">\r\n                                <div class=\"flight-box-front-part\">\r\n                                                                            <img decoding=\"async\" src=\"https:\/\/gdincentives.de\/wp-content\/uploads\/2024\/06\/flight-4.jpg\" alt=\"Image\">\r\n                                                                    <\/div>\r\n                                <div class=\"flight-box-back-part\">\r\n                                    <div class=\"d-table\">\r\n                                        <div class=\"d-table-cell\">\r\n                                            <h3>Air Fiji<\/h3>\r\n                                                                                            <span class=\"price\"> \r\n                                                    $150.00                                                <\/span>\r\n                                                                                        <p>Lorem ipsum dolor sit amet, consectetur adipiscing elit. Vestibulum ut enim sagittis, lacinia&hellip;<\/p>\r\n                                            <a href=\"https:\/\/gdincentives.de\/en\/flight\/air-fiji\/\" class=\"link-btn\">\r\n                                                Read More        \r\n                                            <\/a>\r\n                                        <\/div>\r\n                                    <\/div>\r\n                                <\/div>\r\n                            <\/div>\r\n                        <\/div>\r\n\r\n                      \r\n                                                    <div data-aos=\"fade-up\" data-aos-duration=\"1200\" class=\"col-lg-6 col-md-12 col-sm-12\">\r\n                        \r\n                            <div class=\"single-flight-box\">\r\n                                <div class=\"flight-box-front-part\">\r\n                                                                            <img decoding=\"async\" src=\"https:\/\/gdincentives.de\/wp-content\/uploads\/2024\/06\/flight-5.jpg\" alt=\"Image\">\r\n                                                                    <\/div>\r\n                                <div class=\"flight-box-back-part\">\r\n                                    <div class=\"d-table\">\r\n                                        <div class=\"d-table-cell\">\r\n                                            <h3>Air France<\/h3>\r\n                                                                                            <span class=\"price\"> \r\n                                                    $125.00                                                <\/span>\r\n                                                                                        <p>Lorem ipsum dolor sit amet, consectetur adipiscing elit. Vestibulum ut enim sagittis, lacinia&hellip;<\/p>\r\n                                            <a href=\"https:\/\/gdincentives.de\/en\/flight\/air-france\/\" class=\"link-btn\">\r\n                                                Read More        \r\n                                            <\/a>\r\n                                        <\/div>\r\n                                    <\/div>\r\n                                <\/div>\r\n                            <\/div>\r\n                        <\/div>\r\n\r\n                      \r\n                                                    <div data-aos=\"fade-up\" data-aos-duration=\"1200\" class=\"col-lg-6 col-md-12 col-sm-12\">\r\n                        \r\n                            <div class=\"single-flight-box\">\r\n                                <div class=\"flight-box-front-part\">\r\n                                                                            <img decoding=\"async\" src=\"https:\/\/gdincentives.de\/wp-content\/uploads\/2024\/06\/flight-6.jpg\" alt=\"Image\">\r\n                                                                    <\/div>\r\n                                <div class=\"flight-box-back-part\">\r\n                                    <div class=\"d-table\">\r\n                                        <div class=\"d-table-cell\">\r\n                                            <h3>Air India<\/h3>\r\n                                                                                            <span class=\"price\"> \r\n                                                    $100.00                                                <\/span>\r\n                                                                                        <p>Lorem ipsum dolor sit amet, consectetur adipiscing elit. Vestibulum ut enim sagittis, lacinia&hellip;<\/p>\r\n                                            <a href=\"https:\/\/gdincentives.de\/en\/flight\/air-india\/\" class=\"link-btn\">\r\n                                                Read More        \r\n                                            <\/a>\r\n                                        <\/div>\r\n                                    <\/div>\r\n                                <\/div>\r\n                            <\/div>\r\n                        <\/div>\r\n\r\n                                        \r\n                <\/div>\r\n\r\n                <!-- Pagination Part Start -->\r\n                                    <div class=\"post-pagination\" data-aos=\"fade-up\" data-aos-duration=\"1200\">\r\n                        <nav class=\"navigation pagination\" aria-label=\"Blog\">\r\n                            <div class=\"nav-links\">\r\n                                <span aria-current=\"page\" class=\"page-numbers current\">1<\/span>\n<a class=\"page-numbers\" href=\"https:\/\/gdincentives.de\/en\/wp-json\/wp\/v2\/pages\/1569\/page\/2\/\">2<\/a>\n<a class=\"next page-numbers\" href=\"https:\/\/gdincentives.de\/en\/wp-json\/wp\/v2\/pages\/1569\/page\/2\/\"><i class=\"bx bx-right-arrow-alt\"><\/i><\/a>                            <\/div>\r\n                        <\/nav>\r\n                    <\/div>\r\n                                <!-- Pagination Part End -->\r\n\r\n        \r\n                <!-- Service Button Link -->\r\n                \r\n                <!-- Button Part Start --> \r\n                                <!-- Button Part End -->\r\n\r\n            <\/div>\r\n        <\/div>\r\n        <!-- Service Section End -->\r\n\r\n    \t\t\t\t<\/div>\n\t\t\t\t<\/div>\n\t\t\t\t\t<\/div>\n\t\t<\/div>\n\t\t\t\t\t<\/div>\n\t\t<\/section>\n\t\t\t\t<\/div>\n\t\t","protected":false},"excerpt":{"rendered":"<p>Service &#8211; Flight Great Service. Great Value. Great Flying. Lorem ipsum dolor sit amet consectetur adipisicing elit. Labore perferendis deleniti illum necessitati voluptates ipsum, ratione dolorum veritatis minus mollitia placeat. Reiseleitung von GD-Incentives 99.99$ Die gro\u00dfartigen Leistungen unserer Reiseleiterinnen Unsere Reiseleiterinnen stehen f\u00fcr Kompetenz, Engagement und herzliche&hellip; Read More Reisevorschl\u00e4ge f\u00fcr die Niederlande 99.99$ Ein [&hellip;]<\/p>\n","protected":false},"author":1,"featured_media":0,"parent":1577,"menu_order":0,"comment_status":"closed","ping_status":"closed","template":"","meta":{"footnotes":""},"class_list":["post-1569","page","type-page","status-publish","hentry"],"_links":{"self":[{"href":"https:\/\/gdincentives.de\/en\/wp-json\/wp\/v2\/pages\/1569","targetHints":{"allow":["GET"]}}],"collection":[{"href":"https:\/\/gdincentives.de\/en\/wp-json\/wp\/v2\/pages"}],"about":[{"href":"https:\/\/gdincentives.de\/en\/wp-json\/wp\/v2\/types\/page"}],"author":[{"embeddable":true,"href":"https:\/\/gdincentives.de\/en\/wp-json\/wp\/v2\/users\/1"}],"replies":[{"embeddable":true,"href":"https:\/\/gdincentives.de\/en\/wp-json\/wp\/v2\/comments?post=1569"}],"version-history":[{"count":4,"href":"https:\/\/gdincentives.de\/en\/wp-json\/wp\/v2\/pages\/1569\/revisions"}],"predecessor-version":[{"id":5965,"href":"https:\/\/gdincentives.de\/en\/wp-json\/wp\/v2\/pages\/1569\/revisions\/5965"}],"up":[{"embeddable":true,"href":"https:\/\/gdincentives.de\/en\/wp-json\/wp\/v2\/pages\/1577"}],"wp:attachment":[{"href":"https:\/\/gdincentives.de\/en\/wp-json\/wp\/v2\/media?parent=1569"}],"curies":[{"name":"wp","href":"https:\/\/api.w.org\/{rel}","templated":true}]}}